{"id":1245,"date":"2025-09-26T17:57:57","date_gmt":"2025-09-26T17:57:57","guid":{"rendered":"https:\/\/www.villegasabogados.com.pe\/?page_id=1245"},"modified":"2026-02-24T19:47:22","modified_gmt":"2026-02-24T19:47:22","slug":"blog","status":"publish","type":"page","link":"https:\/\/www.villegasabogados.com.pe\/en\/blog\/","title":{"rendered":"Blog"},"content":{"rendered":"\t\t<div data-elementor-type=\"wp-page\" data-elementor-id=\"1245\" class=\"elementor elementor-1245\">\n\t\t\t\t<div class=\"has_eae_slider elementor-element elementor-element-f34c611 e-con-full e-flex elementor-invisible e-con e-parent\" data-eae-slider=\"31192\" data-id=\"f34c611\" data-element_type=\"container\" data-e-type=\"container\" data-settings=\"{&quot;animation&quot;:&quot;fadeIn&quot;,&quot;background_background&quot;:&quot;classic&quot;}\">\n\t\t\t\t<div class=\"elementor-element elementor-element-8c4e5dd elementor-widget elementor-widget-heading\" data-id=\"8c4e5dd\" data-element_type=\"widget\" data-e-type=\"widget\" data-widget_type=\"heading.default\">\n\t\t\t\t\t<h2 class=\"elementor-heading-title elementor-size-default\">Publicaciones<\/h2>\t\t\t\t<\/div>\n\t\t\t\t<\/div>\n\t\t<div class=\"has_eae_slider elementor-element elementor-element-f7d58a4 e-flex e-con-boxed elementor-invisible e-con e-parent\" data-eae-slider=\"5145\" data-id=\"f7d58a4\" data-element_type=\"container\" data-e-type=\"container\" data-settings=\"{&quot;animation&quot;:&quot;fadeIn&quot;}\">\n\t\t\t\t\t<div class=\"e-con-inner\">\n\t\t\t\t<div class=\"elementor-element elementor-element-b606acd meta-visibility-show title_position_default title_hover_border_default title-default img_hover_animation_default meta_position_default tpg-is-author-icon-show author-image-visibility-icon readmore-btn-default-style grid-hover-overlay-type-always tpg-el-box-border-enable tpg-border-bottom-disable elementor-widget elementor-widget-tpg-grid-layout\" data-id=\"b606acd\" data-element_type=\"widget\" data-e-type=\"widget\" data-widget_type=\"tpg-grid-layout.default\">\n\t\t\t\t<div class=\"elementor-widget-container\">\n\t\t\t\t\t\t\t<div class=\"rt-container-fluid rt-tpg-container tpg-el-main-wrapper clearfix grid-layout3-main \"\n\t\t\t id=\"rt-tpg-container-2349071520\"\n\t\t\t data-layout=\"grid-layout3\"\n\t\t\t data-grid-style=\"tpg-full-height\"\n\t\t\t data-sc-id=\"elementor\"\n\t\t\t data-el-settings=''\n\t\t\t data-el-query=''\n\t\t\t data-el-path=''\n\t\t>\n\t\t\t\t\t\t<div class='tpg-header-wrapper '>\n\t\t\t\t\t\t\t<\/div>\n\n\t\t\t<div data-title=\"Loading ...\" class=\"rt-row rt-content-loader grid-layout3 grid-behaviour tpg-full-height grid_layout_wrapper\">\n\t\t\t\t\n<div class=\"rt-col-md-3 rt-col-sm-6 rt-col-xs-12 default rt-grid-item\" data-id=\"1739\">\n\t<div class=\"rt-holder tpg-post-holder \">\n\t\t<div class=\"rt-detail rt-el-content-wrapper\">\n\t\t\t\t\t\t\t<div class=\"rt-img-holder tpg-el-image-wrap has-thumbnail\">\n\t\t\t\t\t<a data-id=\"1739\" href=\"https:\/\/www.villegasabogados.com.pe\/en\/los-delitos-tributarios-frente-a-la-transformacion-digital\/\" class=\"tpg-post-link\" target=\"_self\"><img fetchpriority=\"high\" class='rt-img-responsive' src='https:\/\/www.villegasabogados.com.pe\/wp-content\/uploads\/2026\/03\/Diseno-sin-titulo-2-1024x576.avif' width=\"1024\" height=\"576\" alt='Los delitos tributarios frente a la transformaci\u00f3n digital'>\t\t\n\t\t<\/a>\n\t\t        <div class=\"overlay grid-hover-content\"><\/div>\n\t\t\t\t\t\t<\/div>\n\t\t\t\n\n\t\t\t<div class=\"entry-title-wrapper\"><h3 class=\"entry-title\"><a data-id=\"1739\" href=\"https:\/\/www.villegasabogados.com.pe\/en\/los-delitos-tributarios-frente-a-la-transformacion-digital\/\" class=\"tpg-post-link\" target=\"_self\">Los delitos tributarios frente a la transformaci\u00f3n digital<\/a><\/h3><\/div>\n\t\t\t\t\t\t\t<div class=\"post-meta-tags rt-el-post-meta\">\n\t\t\t\t\t            <span class='author '>\n\n\t\t\t\t<i class='fa fa-user '><\/i><span class='author-prefix'>Por<\/span><a href=\"https:\/\/www.villegasabogados.com.pe\/en\/author\/maria-fernanda-torres\/\">Mar\u00eda Fernanda Torres<\/a>\t\t\t<\/span>\n\t\t\t            <span class='date'>\n\t\t\t\t<i class='far fa-calendar-alt '><\/i>\t\t\t\t\t\t\t\t\tMarch 23, 2026\t\t\t\t\t\t\t<\/span>\n\t\t\t\t\t\t\t<\/div>\n\t\t\t\n\t\t\t\t\t\t\t<div class=\"tpg-excerpt tpg-el-excerpt\">\n\t\t\t\t\t\t\t\t\t\t\t<div class=\"tpg-excerpt-inner\">\n\t\t\t\t\t\t\tLos delitos tributarios sancionan las conductas il\u00edcitas cometidas en agravio del fisco, a trav\u00e9s del empleo de mecanismos fraudulentos destinados a evadir o defraudar el cumplimiento de las obligaciones tributarias...\t\t\t\t\t\t<\/div>\n\t\t\t\t\t\t\t\t\t\t\t\t\t\t<\/div>\n\t\t\t\n\t\t\t        <div class=\"post-footer\">\n            <div class=\"post-footer\">\n                <div class=\"read-more\">\n\t\t\t\t\t<a data-id=\"1739\" href=\"https:\/\/www.villegasabogados.com.pe\/en\/los-delitos-tributarios-frente-a-la-transformacion-digital\/\" class=\"tpg-post-link\" target=\"_self\">Leer art\u00edculo<\/a>                <\/div>\n            <\/div>\n        <\/div>\n\t\t\t\t<\/div>\n\t<\/div>\n<\/div>\n\n<div class=\"rt-col-md-3 rt-col-sm-6 rt-col-xs-12 default rt-grid-item\" data-id=\"1708\">\n\t<div class=\"rt-holder tpg-post-holder \">\n\t\t<div class=\"rt-detail rt-el-content-wrapper\">\n\t\t\t\t\t\t\t<div class=\"rt-img-holder tpg-el-image-wrap has-thumbnail\">\n\t\t\t\t\t<a data-id=\"1708\" href=\"https:\/\/www.villegasabogados.com.pe\/en\/la-importancia-de-una-adecuada-imputacion-necesaria-y-sus-mecanismos-de-control-en-el-proceso-penal\/\" class=\"tpg-post-link\" target=\"_self\"><img class='rt-img-responsive' src='https:\/\/www.villegasabogados.com.pe\/wp-content\/uploads\/2026\/02\/Diseno-sin-titulo-3-1024x576.avif' width=\"1024\" height=\"576\" alt='La importancia de una adecuada imputaci\u00f3n necesaria y sus mecanismos de control en el proceso penal'>\t\t\n\t\t<\/a>\n\t\t        <div class=\"overlay grid-hover-content\"><\/div>\n\t\t\t\t\t\t<\/div>\n\t\t\t\n\n\t\t\t<div class=\"entry-title-wrapper\"><h3 class=\"entry-title\"><a data-id=\"1708\" href=\"https:\/\/www.villegasabogados.com.pe\/en\/la-importancia-de-una-adecuada-imputacion-necesaria-y-sus-mecanismos-de-control-en-el-proceso-penal\/\" class=\"tpg-post-link\" target=\"_self\">La importancia de una adecuada imputaci\u00f3n necesaria y sus mecanismos de control en el proceso penal<\/a><\/h3><\/div>\n\t\t\t\t\t\t\t<div class=\"post-meta-tags rt-el-post-meta\">\n\t\t\t\t\t            <span class='author '>\n\n\t\t\t\t<i class='fa fa-user '><\/i><span class='author-prefix'>Por<\/span><a href=\"https:\/\/www.villegasabogados.com.pe\/en\/author\/eddy-torres\/\">Eddy Torres<\/a>\t\t\t<\/span>\n\t\t\t            <span class='date'>\n\t\t\t\t<i class='far fa-calendar-alt '><\/i>\t\t\t\t\t\t\t\t\tFebruary 24, 2026\t\t\t\t\t\t\t<\/span>\n\t\t\t\t\t\t\t<\/div>\n\t\t\t\n\t\t\t\t\t\t\t<div class=\"tpg-excerpt tpg-el-excerpt\">\n\t\t\t\t\t\t\t\t\t\t\t<div class=\"tpg-excerpt-inner\">\n\t\t\t\t\t\t\tEn el desarrollo del proceso penal surgen problemas de subsunci\u00f3n respecto del tipo penal (concordancia del relato hist\u00f3rico sustentado por el Ministerio P\u00fablico, elementos t\u00edpicos del delito y medios probatorios), lo que...\t\t\t\t\t\t<\/div>\n\t\t\t\t\t\t\t\t\t\t\t\t\t\t<\/div>\n\t\t\t\n\t\t\t        <div class=\"post-footer\">\n            <div class=\"post-footer\">\n                <div class=\"read-more\">\n\t\t\t\t\t<a data-id=\"1708\" href=\"https:\/\/www.villegasabogados.com.pe\/en\/la-importancia-de-una-adecuada-imputacion-necesaria-y-sus-mecanismos-de-control-en-el-proceso-penal\/\" class=\"tpg-post-link\" target=\"_self\">Leer art\u00edculo<\/a>                <\/div>\n            <\/div>\n        <\/div>\n\t\t\t\t<\/div>\n\t<\/div>\n<\/div>\n\n<div class=\"rt-col-md-3 rt-col-sm-6 rt-col-xs-12 default rt-grid-item\" data-id=\"1650\">\n\t<div class=\"rt-holder tpg-post-holder \">\n\t\t<div class=\"rt-detail rt-el-content-wrapper\">\n\t\t\t\t\t\t\t<div class=\"rt-img-holder tpg-el-image-wrap has-thumbnail\">\n\t\t\t\t\t<a data-id=\"1650\" href=\"https:\/\/www.villegasabogados.com.pe\/en\/asilo-politico-entre-la-proteccion-juridica-y-los-conflictos-politicos\/\" class=\"tpg-post-link\" target=\"_self\"><img class='rt-img-responsive' src='https:\/\/www.villegasabogados.com.pe\/wp-content\/uploads\/2025\/11\/Diseno-sin-titulo-9-1024x576.avif' width=\"1024\" height=\"576\" alt='Asilo Pol\u00edtico: entre la protecci\u00f3n jur\u00eddica y los conflictos pol\u00edticos'>\t\t\n\t\t<\/a>\n\t\t        <div class=\"overlay grid-hover-content\"><\/div>\n\t\t\t\t\t\t<\/div>\n\t\t\t\n\n\t\t\t<div class=\"entry-title-wrapper\"><h3 class=\"entry-title\"><a data-id=\"1650\" href=\"https:\/\/www.villegasabogados.com.pe\/en\/asilo-politico-entre-la-proteccion-juridica-y-los-conflictos-politicos\/\" class=\"tpg-post-link\" target=\"_self\">Asilo Pol\u00edtico: entre la protecci\u00f3n jur\u00eddica y los conflictos pol\u00edticos<\/a><\/h3><\/div>\n\t\t\t\t\t\t\t<div class=\"post-meta-tags rt-el-post-meta\">\n\t\t\t\t\t            <span class='author '>\n\n\t\t\t\t<i class='fa fa-user '><\/i><span class='author-prefix'>Por<\/span><a href=\"https:\/\/www.villegasabogados.com.pe\/en\/author\/marlin-paquirachi\/\">Marlin Paquirachi<\/a>\t\t\t<\/span>\n\t\t\t            <span class='date'>\n\t\t\t\t<i class='far fa-calendar-alt '><\/i>\t\t\t\t\t\t\t\t\tDecember 1, 2025\t\t\t\t\t\t\t<\/span>\n\t\t\t\t\t\t\t<\/div>\n\t\t\t\n\t\t\t\t\t\t\t<div class=\"tpg-excerpt tpg-el-excerpt\">\n\t\t\t\t\t\t\t\t\t\t\t<div class=\"tpg-excerpt-inner\">\n\t\t\t\t\t\t\tEl asilo pol\u00edtico es una de las instituciones m\u00e1s consolidadas del sistema internacional de protecci\u00f3n de derechos humanos. Se entiende como el derecho de toda persona perseguida por motivos pol\u00edticos, ideol\u00f3gicos o religiosos...\t\t\t\t\t\t<\/div>\n\t\t\t\t\t\t\t\t\t\t\t\t\t\t<\/div>\n\t\t\t\n\t\t\t        <div class=\"post-footer\">\n            <div class=\"post-footer\">\n                <div class=\"read-more\">\n\t\t\t\t\t<a data-id=\"1650\" href=\"https:\/\/www.villegasabogados.com.pe\/en\/asilo-politico-entre-la-proteccion-juridica-y-los-conflictos-politicos\/\" class=\"tpg-post-link\" target=\"_self\">Leer art\u00edculo<\/a>                <\/div>\n            <\/div>\n        <\/div>\n\t\t\t\t<\/div>\n\t<\/div>\n<\/div>\n\n<div class=\"rt-col-md-3 rt-col-sm-6 rt-col-xs-12 default rt-grid-item\" data-id=\"1633\">\n\t<div class=\"rt-holder tpg-post-holder \">\n\t\t<div class=\"rt-detail rt-el-content-wrapper\">\n\t\t\t\t\t\t\t<div class=\"rt-img-holder tpg-el-image-wrap has-thumbnail\">\n\t\t\t\t\t<a data-id=\"1633\" href=\"https:\/\/www.villegasabogados.com.pe\/en\/colusion-amenaza-encubierta-en-contra-de-la-administracion-publica\/\" class=\"tpg-post-link\" target=\"_self\"><img loading=\"lazy\" class='rt-img-responsive' src='https:\/\/www.villegasabogados.com.pe\/wp-content\/uploads\/2025\/11\/Diseno-sin-titulo-8-1024x576.avif' width=\"1024\" height=\"576\" alt='Colusi\u00f3n: amenaza encubierta en contra de la Administraci\u00f3n P\u00fablica'>\t\t\n\t\t<\/a>\n\t\t        <div class=\"overlay grid-hover-content\"><\/div>\n\t\t\t\t\t\t<\/div>\n\t\t\t\n\n\t\t\t<div class=\"entry-title-wrapper\"><h3 class=\"entry-title\"><a data-id=\"1633\" href=\"https:\/\/www.villegasabogados.com.pe\/en\/colusion-amenaza-encubierta-en-contra-de-la-administracion-publica\/\" class=\"tpg-post-link\" target=\"_self\">Colusi\u00f3n: amenaza encubierta en contra de la Administraci\u00f3n P\u00fablica<\/a><\/h3><\/div>\n\t\t\t\t\t\t\t<div class=\"post-meta-tags rt-el-post-meta\">\n\t\t\t\t\t            <span class='author '>\n\n\t\t\t\t<i class='fa fa-user '><\/i><span class='author-prefix'>Por<\/span><a href=\"https:\/\/www.villegasabogados.com.pe\/en\/author\/maria-fernanda-torres\/\">Mar\u00eda Fernanda Torres<\/a>\t\t\t<\/span>\n\t\t\t            <span class='date'>\n\t\t\t\t<i class='far fa-calendar-alt '><\/i>\t\t\t\t\t\t\t\t\tNovember 24, 2025\t\t\t\t\t\t\t<\/span>\n\t\t\t\t\t\t\t<\/div>\n\t\t\t\n\t\t\t\t\t\t\t<div class=\"tpg-excerpt tpg-el-excerpt\">\n\t\t\t\t\t\t\t\t\t\t\t<div class=\"tpg-excerpt-inner\">\n\t\t\t\t\t\t\tLa colusi\u00f3n es el delito que vulnera la confianza depositada en la administraci\u00f3n p\u00fablica, pues supone la existencia de un pacto il\u00edcito entre un funcionario o servidor p\u00fablico y un particular - normalmente una empresa privada...\t\t\t\t\t\t<\/div>\n\t\t\t\t\t\t\t\t\t\t\t\t\t\t<\/div>\n\t\t\t\n\t\t\t        <div class=\"post-footer\">\n            <div class=\"post-footer\">\n                <div class=\"read-more\">\n\t\t\t\t\t<a data-id=\"1633\" href=\"https:\/\/www.villegasabogados.com.pe\/en\/colusion-amenaza-encubierta-en-contra-de-la-administracion-publica\/\" class=\"tpg-post-link\" target=\"_self\">Leer art\u00edculo<\/a>                <\/div>\n            <\/div>\n        <\/div>\n\t\t\t\t<\/div>\n\t<\/div>\n<\/div>\n\n<div class=\"rt-col-md-3 rt-col-sm-6 rt-col-xs-12 default rt-grid-item\" data-id=\"1256\">\n\t<div class=\"rt-holder tpg-post-holder \">\n\t\t<div class=\"rt-detail rt-el-content-wrapper\">\n\t\t\t\t\t\t\t<div class=\"rt-img-holder tpg-el-image-wrap has-thumbnail\">\n\t\t\t\t\t<a data-id=\"1256\" href=\"https:\/\/www.villegasabogados.com.pe\/en\/extorsion-el-delito-que-se-consuma-con-el-miedo-aunque-no-se-concrete-el-pago\/\" class=\"tpg-post-link\" target=\"_self\"><img loading=\"lazy\" class='rt-img-responsive' src='https:\/\/www.villegasabogados.com.pe\/wp-content\/uploads\/2025\/10\/Diseno-sin-titulo-3-1024x576.avif' width=\"1024\" height=\"576\" alt='Extorsi\u00f3n: el delito que se consuma con el miedo, aunque no se concrete\u00a0el\u00a0pago'>\t\t\n\t\t<\/a>\n\t\t        <div class=\"overlay grid-hover-content\"><\/div>\n\t\t\t\t\t\t<\/div>\n\t\t\t\n\n\t\t\t<div class=\"entry-title-wrapper\"><h3 class=\"entry-title\"><a data-id=\"1256\" href=\"https:\/\/www.villegasabogados.com.pe\/en\/extorsion-el-delito-que-se-consuma-con-el-miedo-aunque-no-se-concrete-el-pago\/\" class=\"tpg-post-link\" target=\"_self\">Extorsi\u00f3n: el delito que se consuma con el miedo, aunque no se concrete\u00a0el\u00a0pago<\/a><\/h3><\/div>\n\t\t\t\t\t\t\t<div class=\"post-meta-tags rt-el-post-meta\">\n\t\t\t\t\t            <span class='author '>\n\n\t\t\t\t<i class='fa fa-user '><\/i><span class='author-prefix'>Por<\/span><a href=\"https:\/\/www.villegasabogados.com.pe\/en\/author\/marlin-paquirachi\/\">Marlin Paquirachi<\/a>\t\t\t<\/span>\n\t\t\t            <span class='date'>\n\t\t\t\t<i class='far fa-calendar-alt '><\/i>\t\t\t\t\t\t\t\t\tOctober 10, 2025\t\t\t\t\t\t\t<\/span>\n\t\t\t\t\t\t\t<\/div>\n\t\t\t\n\t\t\t\t\t\t\t<div class=\"tpg-excerpt tpg-el-excerpt\">\n\t\t\t\t\t\t\t\t\t\t\t<div class=\"tpg-excerpt-inner\">\n\t\t\t\t\t\t\tLa extorsi\u00f3n es uno de los delitos m\u00e1s graves y comunes en el Per\u00fa. No solo busca obtener dinero o bienes, sino que afecta directamente la libertad y la tranquilidad de las personas. Su poder est\u00e1 en el miedo: el delincuente...\t\t\t\t\t\t<\/div>\n\t\t\t\t\t\t\t\t\t\t\t\t\t\t<\/div>\n\t\t\t\n\t\t\t        <div class=\"post-footer\">\n            <div class=\"post-footer\">\n                <div class=\"read-more\">\n\t\t\t\t\t<a data-id=\"1256\" href=\"https:\/\/www.villegasabogados.com.pe\/en\/extorsion-el-delito-que-se-consuma-con-el-miedo-aunque-no-se-concrete-el-pago\/\" class=\"tpg-post-link\" target=\"_self\">Leer art\u00edculo<\/a>                <\/div>\n            <\/div>\n        <\/div>\n\t\t\t\t<\/div>\n\t<\/div>\n<\/div>\n\t\t\t<\/div>\n\t\t\t\n\t\t<\/div>\n\t\t\t\t\t\t<\/div>\n\t\t\t\t<\/div>\n\t\t\t\t\t<\/div>\n\t\t\t\t<\/div>\n\t\t<div class=\"has_eae_slider elementor-element elementor-element-648d3f5 e-flex e-con-boxed elementor-invisible e-con e-parent\" data-eae-slider=\"5477\" data-id=\"648d3f5\" data-element_type=\"container\" data-e-type=\"container\" data-settings=\"{&quot;animation&quot;:&quot;fadeIn&quot;,&quot;background_background&quot;:&quot;classic&quot;}\">\n\t\t\t\t\t<div class=\"e-con-inner\">\n\t\t<div class=\"has_eae_slider elementor-element elementor-element-447cdfa e-con-full e-flex elementor-invisible e-con e-child\" data-eae-slider=\"28662\" data-id=\"447cdfa\" data-element_type=\"container\" data-e-type=\"container\" data-settings=\"{&quot;background_background&quot;:&quot;classic&quot;,&quot;animation&quot;:&quot;fadeIn&quot;}\">\n\t\t\t\t<div class=\"elementor-element elementor-element-124b886 elementor-widget elementor-widget-heading\" data-id=\"124b886\" data-element_type=\"widget\" data-e-type=\"widget\" data-widget_type=\"heading.default\">\n\t\t\t\t\t<h2 class=\"elementor-heading-title elementor-size-default\">Cont\u00e1ctanos<\/h2>\t\t\t\t<\/div>\n\t\t\t\t<div class=\"elementor-element elementor-element-fb868d5 elementor-widget__width-initial elementor-widget elementor-widget-text-editor\" data-id=\"fb868d5\" data-element_type=\"widget\" data-e-type=\"widget\" data-widget_type=\"text-editor.default\">\n\t\t\t\t\t\t\t\t\t<p data-start=\"240\" data-end=\"548\">Escribe respecto a cualquier duda que tengas o consulta que desees realizar. Te responderemos&nbsp; a la mayor brevedad posible.<\/p>\t\t\t\t\t\t\t\t<\/div>\n\t\t\t\t<\/div>\n\t\t\t\t<div class=\"elementor-element elementor-element-bb6f90a elementor-widget__width-initial elementor-invisible elementor-widget elementor-widget-shortcode\" data-id=\"bb6f90a\" data-element_type=\"widget\" data-e-type=\"widget\" data-settings=\"{&quot;_animation&quot;:&quot;fadeInLeft&quot;}\" data-widget_type=\"shortcode.default\">\n\t\t\t\t\t\t\t<div class=\"elementor-shortcode\"><style id=\"wpforms-css-vars-863\">\n\t\t\t\t#wpforms-863 {\n\t\t\t\t--wpforms-field-border-color: #ababab;\n--wpforms-field-border-color-spare: #ababab;\n--wpforms-field-text-color: #000000;\n--wpforms-label-color: #ffffff;\n--wpforms-label-sublabel-color: #ababab;\n--wpforms-button-background-color: #0a1e4d;\n--wpforms-container-padding: 0px;\n--wpforms-container-border-width: 1px;\n--wpforms-container-border-radius: 3px;\n--wpforms-background-color: rgba(0, 0, 0, 0);\n--wpforms-field-size-input-height: 43px;\n--wpforms-field-size-input-spacing: 15px;\n--wpforms-field-size-font-size: 16px;\n--wpforms-field-size-line-height: 19px;\n--wpforms-field-size-padding-h: 14px;\n--wpforms-field-size-checkbox-size: 16px;\n--wpforms-field-size-sublabel-spacing: 5px;\n--wpforms-field-size-icon-size: 1;\n--wpforms-label-size-font-size: 16px;\n--wpforms-label-size-line-height: 19px;\n--wpforms-label-size-sublabel-font-size: 14px;\n--wpforms-label-size-sublabel-line-height: 17px;\n--wpforms-button-size-font-size: 17px;\n--wpforms-button-size-height: 41px;\n--wpforms-button-size-padding-h: 15px;\n--wpforms-button-size-margin-top: 10px;\n--wpforms-container-shadow-size-box-shadow: none;\n\t\t\t}\n\t\t\t<\/style><div class=\"wpforms-container wpforms-container-full wpforms-render-modern\" id=\"wpforms-863\"><form id=\"wpforms-form-863\" class=\"wpforms-validate wpforms-form wpforms-ajax-form\" data-formid=\"863\" method=\"post\" enctype=\"multipart\/form-data\" action=\"\/en\/wp-json\/wp\/v2\/pages\/1245\" data-token=\"3dd37a73e2cc700740bb0b5157a50c2c\" data-token-time=\"1776486971\"><noscript class=\"wpforms-error-noscript\">Please enable JavaScript in your browser to complete this form.<\/noscript><div id=\"wpforms-error-noscript\" style=\"display: none;\">Please enable JavaScript in your browser to complete this form.<\/div><div class=\"wpforms-field-container\">\t\t<div id=\"wpforms-863-field_5-container\"\n\t\t\tclass=\"wpforms-field wpforms-field-text\"\n\t\t\tdata-field-type=\"text\"\n\t\t\tdata-field-id=\"5\"\n\t\t\t>\n\t\t\t<label class=\"wpforms-field-label\" for=\"wpforms-863-field_5\" >Correo empresa de<\/label>\n\t\t\t<input type=\"text\" id=\"wpforms-863-field_5\" class=\"wpforms-field-medium\" name=\"wpforms[fields][5]\" >\n\t\t<\/div>\n\t\t<div id=\"wpforms-863-field_1-container\" class=\"wpforms-field wpforms-field-name\" data-field-id=\"1\"><fieldset><legend class=\"wpforms-field-label\">Nombre <span class=\"wpforms-required-label\" aria-hidden=\"true\">*<\/span><\/legend><div class=\"wpforms-field-row wpforms-field-medium\"><div class=\"wpforms-field-row-block wpforms-first wpforms-one-half\"><input type=\"text\" id=\"wpforms-863-field_1\" class=\"wpforms-field-name-first wpforms-field-required\" name=\"wpforms[fields][1][first]\" aria-errormessage=\"wpforms-863-field_1-error\" required><label for=\"wpforms-863-field_1\" class=\"wpforms-field-sublabel after\">First<\/label><\/div><div class=\"wpforms-field-row-block wpforms-one-half\"><input type=\"text\" id=\"wpforms-863-field_1-last\" class=\"wpforms-field-name-last wpforms-field-required\" name=\"wpforms[fields][1][last]\" aria-errormessage=\"wpforms-863-field_1-last-error\" required><label for=\"wpforms-863-field_1-last\" class=\"wpforms-field-sublabel after\">Last<\/label><\/div><\/div><\/fieldset><\/div><div id=\"wpforms-863-field_2-container\" class=\"wpforms-field wpforms-field-email\" data-field-id=\"2\"><label class=\"wpforms-field-label\" for=\"wpforms-863-field_2\">Correo electr\u00f3nico <span class=\"wpforms-required-label\" aria-hidden=\"true\">*<\/span><\/label><input type=\"email\" id=\"wpforms-863-field_2\" class=\"wpforms-field-medium wpforms-field-required\" name=\"wpforms[fields][2]\" spellcheck=\"false\" aria-errormessage=\"wpforms-863-field_2-error\" required><\/div><div id=\"wpforms-863-field_4-container\" class=\"wpforms-field wpforms-field-text\" data-field-id=\"4\"><label class=\"wpforms-field-label\" for=\"wpforms-863-field_4\">Tel\u00e9fono <span class=\"wpforms-required-label\" aria-hidden=\"true\">*<\/span><\/label><input type=\"text\" id=\"wpforms-863-field_4\" class=\"wpforms-field-medium wpforms-field-required\" name=\"wpforms[fields][4]\" aria-errormessage=\"wpforms-863-field_4-error\" required><\/div><div id=\"wpforms-863-field_6-container\" class=\"wpforms-field wpforms-field-text\" data-field-id=\"6\"><label class=\"wpforms-field-label\" for=\"wpforms-863-field_6\">Nombre de la empresa<\/label><input type=\"text\" id=\"wpforms-863-field_6\" class=\"wpforms-field-medium\" name=\"wpforms[fields][6]\" aria-errormessage=\"wpforms-863-field_6-error\" ><\/div><div id=\"wpforms-863-field_3-container\" class=\"wpforms-field wpforms-field-textarea\" data-field-id=\"3\"><label class=\"wpforms-field-label\" for=\"wpforms-863-field_3\">Comentario o mensaje <span class=\"wpforms-required-label\" aria-hidden=\"true\">*<\/span><\/label><textarea id=\"wpforms-863-field_3\" class=\"wpforms-field-medium wpforms-field-required wpforms-limit-characters-enabled\" data-form-id=\"863\" data-field-id=\"3\" data-text-limit=\"3000\" name=\"wpforms[fields][3]\" aria-errormessage=\"wpforms-863-field_3-error\" maxlength=\"3000\" required><\/textarea><\/div><script>\n\t\t\t\t( function() {\n\t\t\t\t\tconst style = document.createElement( 'style' );\n\t\t\t\t\tstyle.appendChild( document.createTextNode( '#wpforms-863-field_5-container { position: absolute !important; overflow: hidden !important; display: inline !important; height: 1px !important; width: 1px !important; z-index: -1000 !important; padding: 0 !important; } #wpforms-863-field_5-container input { visibility: hidden; } #wpforms-conversational-form-page #wpforms-863-field_5-container label { counter-increment: none; }' ) );\n\t\t\t\t\tdocument.head.appendChild( style );\n\t\t\t\t\tdocument.currentScript?.remove();\n\t\t\t\t} )();\n\t\t\t<\/script><\/div><!-- .wpforms-field-container --><div class=\"wpforms-submit-container\" ><input type=\"hidden\" name=\"wpforms[id]\" value=\"863\"><input type=\"hidden\" name=\"page_title\" value=\"\"><input type=\"hidden\" name=\"page_url\" value=\"https:\/\/www.villegasabogados.com.pe\/en\/wp-json\/wp\/v2\/pages\/1245\"><input type=\"hidden\" name=\"url_referer\" value=\"\"><button type=\"submit\" name=\"wpforms[submit]\" id=\"wpforms-submit-863\" class=\"wpforms-submit\" data-alt-text=\"Enviando...\" data-submit-text=\"Enviar\" aria-live=\"assertive\" value=\"wpforms-submit\">Enviar<\/button><img loading=\"lazy\" decoding=\"async\" src=\"https:\/\/www.villegasabogados.com.pe\/wp-content\/plugins\/wpforms-lite\/assets\/images\/submit-spin.svg\" class=\"wpforms-submit-spinner\" style=\"display: none;\" width=\"26\" height=\"26\" alt=\"Loading\"><\/div><\/form><\/div>  <!-- .wpforms-container --><\/div>\n\t\t\t\t\t\t<\/div>\n\t\t\t\t\t<\/div>\n\t\t\t\t<\/div>\n\t\t\t\t<\/div>\n\t\t","protected":false},"excerpt":{"rendered":"<p>Publicaciones La importancia de una adecuada imputaci\u00f3n necesaria y sus mecanismos de control en el proceso penal PorEddy Torres febrero 24, 2026 En el desarrollo del proceso penal surgen problemas de subsunci\u00f3n respecto del tipo penal (concordancia del relato hist\u00f3rico sustentado por el Ministerio P\u00fablico, elementos t\u00edpicos del delito y medios probatorios), lo que&#8230; Leer [&hellip;]<\/p>\n","protected":false},"author":1,"featured_media":0,"parent":0,"menu_order":0,"comment_status":"closed","ping_status":"closed","template":"elementor_header_footer","meta":{"_eb_attr":"","_crdt_document":"","footnotes":""},"class_list":["post-1245","page","type-page","status-publish","hentry"],"rttpg_featured_image_url":null,"rttpg_author":{"display_name":"Marketing","author_link":"https:\/\/www.villegasabogados.com.pe\/en\/author\/admin\/"},"rttpg_comment":0,"rttpg_category":"","rttpg_excerpt":"Publicaciones La importancia de una adecuada imputaci\u00f3n necesaria y sus mecanismos de control en el proceso penal PorEddy Torres febrero 24, 2026 En el desarrollo del proceso penal surgen problemas de subsunci\u00f3n respecto del tipo penal (concordancia del relato hist\u00f3rico sustentado por el Ministerio P\u00fablico, elementos t\u00edpicos del delito y medios probatorios), lo que&#8230; Leer&hellip;","_links":{"self":[{"href":"https:\/\/www.villegasabogados.com.pe\/en\/wp-json\/wp\/v2\/pages\/1245","targetHints":{"allow":["GET"]}}],"collection":[{"href":"https:\/\/www.villegasabogados.com.pe\/en\/wp-json\/wp\/v2\/pages"}],"about":[{"href":"https:\/\/www.villegasabogados.com.pe\/en\/wp-json\/wp\/v2\/types\/page"}],"author":[{"embeddable":true,"href":"https:\/\/www.villegasabogados.com.pe\/en\/wp-json\/wp\/v2\/users\/1"}],"replies":[{"embeddable":true,"href":"https:\/\/www.villegasabogados.com.pe\/en\/wp-json\/wp\/v2\/comments?post=1245"}],"version-history":[{"count":61,"href":"https:\/\/www.villegasabogados.com.pe\/en\/wp-json\/wp\/v2\/pages\/1245\/revisions"}],"predecessor-version":[{"id":1736,"href":"https:\/\/www.villegasabogados.com.pe\/en\/wp-json\/wp\/v2\/pages\/1245\/revisions\/1736"}],"wp:attachment":[{"href":"https:\/\/www.villegasabogados.com.pe\/en\/wp-json\/wp\/v2\/media?parent=1245"}],"curies":[{"name":"wp","href":"https:\/\/api.w.org\/{rel}","templated":true}]}}