{"id":1474,"date":"2025-07-15T17:56:55","date_gmt":"2025-07-15T17:56:55","guid":{"rendered":"https:\/\/www.villegasabogados.com.pe\/?page_id=1474"},"modified":"2026-01-07T23:15:16","modified_gmt":"2026-01-07T23:15:16","slug":"equipo","status":"publish","type":"page","link":"https:\/\/www.villegasabogados.com.pe\/en\/equipo\/","title":{"rendered":"Team"},"content":{"rendered":"\t\t<div data-elementor-type=\"wp-page\" data-elementor-id=\"1474\" class=\"elementor elementor-1474\">\n\t\t\t\t<div class=\"has_eae_slider elementor-element elementor-element-3db595c e-flex e-con-boxed elementor-invisible e-con e-parent\" data-eae-slider=\"18915\" data-id=\"3db595c\" data-element_type=\"container\" data-e-type=\"container\" data-settings=\"{&quot;background_background&quot;:&quot;classic&quot;,&quot;animation&quot;:&quot;fadeIn&quot;}\">\n\t\t\t\t\t<div class=\"e-con-inner\">\n\t\t\t\t<div class=\"elementor-element elementor-element-8d7395f elementor-widget elementor-widget-heading\" data-id=\"8d7395f\" data-element_type=\"widget\" data-e-type=\"widget\" data-widget_type=\"heading.default\">\n\t\t\t\t\t<h2 class=\"elementor-heading-title elementor-size-default\">El equipo<\/h2>\t\t\t\t<\/div>\n\t\t\t\t<div class=\"elementor-element elementor-element-7d7c995 elementor-widget__width-initial elementor-widget elementor-widget-text-editor\" data-id=\"7d7c995\" data-element_type=\"widget\" data-e-type=\"widget\" data-widget_type=\"text-editor.default\">\n\t\t\t\t\t\t\t\t\t<p data-start=\"240\" data-end=\"548\">En Villegas, Missiego &amp; Astorga Abogados, formamos un equipo cohesionado que trabaja sobre la base de la confianza, el respeto y el compa\u00f1erismo. Creemos firmemente en la colaboraci\u00f3n como motor para mantener la calidad de nuestro servicio y potenciar la mejora continua en cada una de nuestras acciones.<\/p><p data-start=\"550\" data-end=\"825\">La solidez t\u00e9cnica, el enfoque estrat\u00e9gico y el compromiso \u00e9tico de nuestros profesionales nos permiten ofrecer una asesor\u00eda jur\u00eddica especializada, con respuestas claras y efectivas ante los desaf\u00edos que enfrentan nuestros clientes en un entorno legal cada vez m\u00e1s exigente.<\/p>\t\t\t\t\t\t\t\t<\/div>\n\t\t\t\t\t<\/div>\n\t\t\t\t<\/div>\n\t\t<div class=\"has_eae_slider elementor-element elementor-element-faa16c6 e-flex e-con-boxed e-con e-parent\" data-eae-slider=\"77408\" data-id=\"faa16c6\" data-element_type=\"container\" data-e-type=\"container\">\n\t\t\t\t\t<div class=\"e-con-inner\">\n\t\t\t\t<div class=\"elementor-element elementor-element-7a16922 elementor-invisible elementor-widget elementor-widget-heading\" data-id=\"7a16922\" data-element_type=\"widget\" data-e-type=\"widget\" data-settings=\"{&quot;_animation&quot;:&quot;fadeIn&quot;}\" data-widget_type=\"heading.default\">\n\t\t\t\t\t<h2 class=\"elementor-heading-title elementor-size-default\">Socios<\/h2>\t\t\t\t<\/div>\n\t\t\t\t\t<\/div>\n\t\t\t\t<\/div>\n\t\t<div class=\"has_eae_slider elementor-element elementor-element-928de86 e-flex e-con-boxed e-con e-parent\" data-eae-slider=\"43490\" data-id=\"928de86\" data-element_type=\"container\" data-e-type=\"container\" data-settings=\"{&quot;background_background&quot;:&quot;classic&quot;,&quot;animation&quot;:&quot;none&quot;}\">\n\t\t\t\t\t<div class=\"e-con-inner\">\n\t\t<a class=\"has_eae_slider elementor-element elementor-element-3be2ca6 e-con-full e-flex elementor-invisible e-con e-child\" data-eae-slider=\"80060\" data-id=\"3be2ca6\" data-element_type=\"container\" data-e-type=\"container\" data-settings=\"{&quot;background_background&quot;:&quot;classic&quot;,&quot;animation&quot;:&quot;fadeInLeft&quot;}\" href=\"https:\/\/www.villegasabogados.com.pe\/diego-villegas\/\">\n\t\t\t\t<div class=\"elementor-element elementor-element-d59dd6f elementor-position-top elementor-widget elementor-widget-image-box\" data-id=\"d59dd6f\" data-element_type=\"widget\" data-e-type=\"widget\" data-widget_type=\"image-box.default\">\n\t\t\t\t\t<div class=\"elementor-image-box-wrapper\"><figure class=\"elementor-image-box-img\"><img fetchpriority=\"high\" decoding=\"async\" width=\"1780\" height=\"1186\" src=\"https:\/\/www.villegasabogados.com.pe\/wp-content\/uploads\/2025\/07\/dv2.png\" class=\"attachment-full size-full wp-image-708\" alt=\"\" srcset=\"https:\/\/www.villegasabogados.com.pe\/wp-content\/uploads\/2025\/07\/dv2.png 1780w, https:\/\/www.villegasabogados.com.pe\/wp-content\/uploads\/2025\/07\/dv2-300x200.png 300w, https:\/\/www.villegasabogados.com.pe\/wp-content\/uploads\/2025\/07\/dv2-1024x682.png 1024w, https:\/\/www.villegasabogados.com.pe\/wp-content\/uploads\/2025\/07\/dv2-768x512.png 768w, https:\/\/www.villegasabogados.com.pe\/wp-content\/uploads\/2025\/07\/dv2-1536x1023.png 1536w\" sizes=\"(max-width: 1780px) 100vw, 1780px\" \/><\/figure><div class=\"elementor-image-box-content\"><h3 class=\"elementor-image-box-title\">Diego Villegas<\/h3><p class=\"elementor-image-box-description\">\u00c1rea de Derecho Penal. Abogado por la Universidad de Lima.<\/p><\/div><\/div>\t\t\t\t<\/div>\n\t\t\t\t<\/a>\n\t\t<a class=\"has_eae_slider elementor-element elementor-element-a29dc49 e-con-full e-flex elementor-invisible e-con e-child\" data-eae-slider=\"23683\" data-id=\"a29dc49\" data-element_type=\"container\" data-e-type=\"container\" data-settings=\"{&quot;background_background&quot;:&quot;classic&quot;,&quot;animation&quot;:&quot;fadeInLeft&quot;}\" href=\"https:\/\/www.villegasabogados.com.pe\/joaquin-missiego\/\">\n\t\t\t\t<div class=\"elementor-element elementor-element-6cb06c3 elementor-position-top elementor-widget elementor-widget-image-box\" data-id=\"6cb06c3\" data-element_type=\"widget\" data-e-type=\"widget\" data-widget_type=\"image-box.default\">\n\t\t\t\t\t<div class=\"elementor-image-box-wrapper\"><figure class=\"elementor-image-box-img\"><img decoding=\"async\" width=\"1780\" height=\"1186\" src=\"https:\/\/www.villegasabogados.com.pe\/wp-content\/uploads\/2025\/07\/jm.png\" class=\"attachment-full size-full wp-image-501\" alt=\"\" srcset=\"https:\/\/www.villegasabogados.com.pe\/wp-content\/uploads\/2025\/07\/jm.png 1780w, https:\/\/www.villegasabogados.com.pe\/wp-content\/uploads\/2025\/07\/jm-300x200.png 300w, https:\/\/www.villegasabogados.com.pe\/wp-content\/uploads\/2025\/07\/jm-1024x682.png 1024w, https:\/\/www.villegasabogados.com.pe\/wp-content\/uploads\/2025\/07\/jm-768x512.png 768w, https:\/\/www.villegasabogados.com.pe\/wp-content\/uploads\/2025\/07\/jm-1536x1023.png 1536w\" sizes=\"(max-width: 1780px) 100vw, 1780px\" \/><\/figure><div class=\"elementor-image-box-content\"><h3 class=\"elementor-image-box-title\">Joaqu\u00edn Missiego<\/h3><p class=\"elementor-image-box-description\">\u00c1reas de Derecho Penal Econ\u00f3mico y Derecho Procesal Penal. Abogado por la Universidad de Lima.<\/p><\/div><\/div>\t\t\t\t<\/div>\n\t\t\t\t<\/a>\n\t\t\t\t\t<\/div>\n\t\t\t\t<\/div>\n\t\t<div class=\"has_eae_slider elementor-element elementor-element-c78691d e-flex e-con-boxed e-con e-parent\" data-eae-slider=\"67372\" data-id=\"c78691d\" data-element_type=\"container\" data-e-type=\"container\" data-settings=\"{&quot;background_background&quot;:&quot;classic&quot;}\">\n\t\t\t\t\t<div class=\"e-con-inner\">\n\t\t\t\t<div class=\"elementor-element elementor-element-b5228d3 elementor-invisible elementor-widget elementor-widget-heading\" data-id=\"b5228d3\" data-element_type=\"widget\" data-e-type=\"widget\" data-settings=\"{&quot;_animation&quot;:&quot;fadeIn&quot;}\" data-widget_type=\"heading.default\">\n\t\t\t\t\t<h2 class=\"elementor-heading-title elementor-size-default\">Asociados<\/h2>\t\t\t\t<\/div>\n\t\t\t\t\t<\/div>\n\t\t\t\t<\/div>\n\t\t<div class=\"has_eae_slider elementor-element elementor-element-cc50b58 e-flex e-con-boxed e-con e-parent\" data-eae-slider=\"96288\" data-id=\"cc50b58\" data-element_type=\"container\" data-e-type=\"container\" data-settings=\"{&quot;background_background&quot;:&quot;classic&quot;,&quot;animation&quot;:&quot;none&quot;}\">\n\t\t\t\t\t<div class=\"e-con-inner\">\n\t\t<a class=\"has_eae_slider elementor-element elementor-element-7dd489e e-con-full e-flex elementor-invisible e-con e-child\" data-eae-slider=\"98892\" data-id=\"7dd489e\" data-element_type=\"container\" data-e-type=\"container\" data-settings=\"{&quot;background_background&quot;:&quot;classic&quot;,&quot;animation&quot;:&quot;fadeInLeft&quot;}\" href=\"https:\/\/www.villegasabogados.com.pe\/joaquin-missiego\/\">\n\t\t\t\t<div class=\"elementor-element elementor-element-f2768fa elementor-position-top elementor-widget elementor-widget-image-box\" data-id=\"f2768fa\" data-element_type=\"widget\" data-e-type=\"widget\" data-widget_type=\"image-box.default\">\n\t\t\t\t\t<div class=\"elementor-image-box-wrapper\"><figure class=\"elementor-image-box-img\"><img decoding=\"async\" width=\"1780\" height=\"1186\" src=\"https:\/\/www.villegasabogados.com.pe\/wp-content\/uploads\/2025\/07\/et.png\" class=\"attachment-full size-full wp-image-500\" alt=\"\" srcset=\"https:\/\/www.villegasabogados.com.pe\/wp-content\/uploads\/2025\/07\/et.png 1780w, https:\/\/www.villegasabogados.com.pe\/wp-content\/uploads\/2025\/07\/et-300x200.png 300w, https:\/\/www.villegasabogados.com.pe\/wp-content\/uploads\/2025\/07\/et-1024x682.png 1024w, https:\/\/www.villegasabogados.com.pe\/wp-content\/uploads\/2025\/07\/et-768x512.png 768w, https:\/\/www.villegasabogados.com.pe\/wp-content\/uploads\/2025\/07\/et-1536x1023.png 1536w\" sizes=\"(max-width: 1780px) 100vw, 1780px\" \/><\/figure><div class=\"elementor-image-box-content\"><h3 class=\"elementor-image-box-title\">Eddy Torres<\/h3><p class=\"elementor-image-box-description\">\u00c1reas de Delitos contra la Administraci\u00f3n P\u00fablica y Procesal Penal. Abogado por la Universidad de Lima.\u200b<\/p><\/div><\/div>\t\t\t\t<\/div>\n\t\t\t\t<\/a>\n\t\t\t\t\t<\/div>\n\t\t\t\t<\/div>\n\t\t<div class=\"has_eae_slider elementor-element elementor-element-e25e6ac e-flex e-con-boxed e-con e-parent\" data-eae-slider=\"61871\" data-id=\"e25e6ac\" data-element_type=\"container\" data-e-type=\"container\" data-settings=\"{&quot;background_background&quot;:&quot;classic&quot;}\">\n\t\t\t\t\t<div class=\"e-con-inner\">\n\t\t\t\t<div class=\"elementor-element elementor-element-dce306e elementor-invisible elementor-widget elementor-widget-heading\" data-id=\"dce306e\" data-element_type=\"widget\" data-e-type=\"widget\" data-settings=\"{&quot;_animation&quot;:&quot;fadeIn&quot;}\" data-widget_type=\"heading.default\">\n\t\t\t\t\t<h2 class=\"elementor-heading-title elementor-size-default\">Colaboradores<\/h2>\t\t\t\t<\/div>\n\t\t\t\t\t<\/div>\n\t\t\t\t<\/div>\n\t\t<div class=\"has_eae_slider elementor-element elementor-element-03d5747 e-flex e-con-boxed e-con e-parent\" data-eae-slider=\"72545\" data-id=\"03d5747\" data-element_type=\"container\" data-e-type=\"container\" data-settings=\"{&quot;background_background&quot;:&quot;classic&quot;,&quot;animation&quot;:&quot;none&quot;}\">\n\t\t\t\t\t<div class=\"e-con-inner\">\n\t\t<div class=\"has_eae_slider elementor-element elementor-element-cead3ae e-con-full e-flex elementor-invisible e-con e-child\" data-eae-slider=\"29013\" data-id=\"cead3ae\" data-element_type=\"container\" data-e-type=\"container\" data-settings=\"{&quot;background_background&quot;:&quot;classic&quot;,&quot;animation&quot;:&quot;fadeInLeft&quot;}\">\n\t\t\t\t<div class=\"elementor-element elementor-element-4a67b50 elementor-position-top elementor-widget elementor-widget-image-box\" data-id=\"4a67b50\" data-element_type=\"widget\" data-e-type=\"widget\" data-widget_type=\"image-box.default\">\n\t\t\t\t\t<div class=\"elementor-image-box-wrapper\"><figure class=\"elementor-image-box-img\"><img loading=\"lazy\" decoding=\"async\" width=\"1780\" height=\"1186\" src=\"https:\/\/www.villegasabogados.com.pe\/wp-content\/uploads\/2025\/07\/kg.png\" class=\"attachment-full size-full wp-image-502\" alt=\"\" srcset=\"https:\/\/www.villegasabogados.com.pe\/wp-content\/uploads\/2025\/07\/kg.png 1780w, https:\/\/www.villegasabogados.com.pe\/wp-content\/uploads\/2025\/07\/kg-300x200.png 300w, https:\/\/www.villegasabogados.com.pe\/wp-content\/uploads\/2025\/07\/kg-1024x682.png 1024w, https:\/\/www.villegasabogados.com.pe\/wp-content\/uploads\/2025\/07\/kg-768x512.png 768w, https:\/\/www.villegasabogados.com.pe\/wp-content\/uploads\/2025\/07\/kg-1536x1023.png 1536w\" sizes=\"(max-width: 1780px) 100vw, 1780px\" \/><\/figure><div class=\"elementor-image-box-content\"><h3 class=\"elementor-image-box-title\">Katty Gallardo<\/h3><p class=\"elementor-image-box-description\">Administradora del estudio y coordinadora de actividades.<\/p><\/div><\/div>\t\t\t\t<\/div>\n\t\t\t\t<\/div>\n\t\t<a class=\"has_eae_slider elementor-element elementor-element-d8052e8 e-con-full e-flex elementor-invisible e-con e-child\" data-eae-slider=\"9050\" data-id=\"d8052e8\" data-element_type=\"container\" data-e-type=\"container\" data-settings=\"{&quot;background_background&quot;:&quot;classic&quot;,&quot;animation&quot;:&quot;fadeInLeft&quot;}\" href=\"https:\/\/www.villegasabogados.com.pe\/maria-fernanda-torres\/\">\n\t\t\t\t<div class=\"elementor-element elementor-element-4fc6579 elementor-position-top elementor-widget elementor-widget-image-box\" data-id=\"4fc6579\" data-element_type=\"widget\" data-e-type=\"widget\" data-widget_type=\"image-box.default\">\n\t\t\t\t\t<div class=\"elementor-image-box-wrapper\"><figure class=\"elementor-image-box-img\"><img loading=\"lazy\" decoding=\"async\" width=\"1780\" height=\"1186\" src=\"https:\/\/www.villegasabogados.com.pe\/wp-content\/uploads\/2025\/07\/mft.png\" class=\"attachment-full size-full wp-image-503\" alt=\"\" srcset=\"https:\/\/www.villegasabogados.com.pe\/wp-content\/uploads\/2025\/07\/mft.png 1780w, https:\/\/www.villegasabogados.com.pe\/wp-content\/uploads\/2025\/07\/mft-300x200.png 300w, https:\/\/www.villegasabogados.com.pe\/wp-content\/uploads\/2025\/07\/mft-1024x682.png 1024w, https:\/\/www.villegasabogados.com.pe\/wp-content\/uploads\/2025\/07\/mft-768x512.png 768w, https:\/\/www.villegasabogados.com.pe\/wp-content\/uploads\/2025\/07\/mft-1536x1023.png 1536w\" sizes=\"(max-width: 1780px) 100vw, 1780px\" \/><\/figure><div class=\"elementor-image-box-content\"><h3 class=\"elementor-image-box-title\">Mar\u00eda F. Torres<\/h3><p class=\"elementor-image-box-description\">Practicante preprofesional de Derecho Penal y Procesal Penal.<\/p><\/div><\/div>\t\t\t\t<\/div>\n\t\t\t\t<\/a>\n\t\t<a class=\"has_eae_slider elementor-element elementor-element-fba37b3 e-con-full e-flex elementor-invisible e-con e-child\" data-eae-slider=\"35188\" data-id=\"fba37b3\" data-element_type=\"container\" data-e-type=\"container\" data-settings=\"{&quot;background_background&quot;:&quot;classic&quot;,&quot;animation&quot;:&quot;fadeInLeft&quot;}\" href=\"https:\/\/www.villegasabogados.com.pe\/marlin-paquirachi\/\">\n\t\t\t\t<div class=\"elementor-element elementor-element-fca9c12 elementor-position-top elementor-widget elementor-widget-image-box\" data-id=\"fca9c12\" data-element_type=\"widget\" data-e-type=\"widget\" data-widget_type=\"image-box.default\">\n\t\t\t\t\t<div class=\"elementor-image-box-wrapper\"><figure class=\"elementor-image-box-img\"><img loading=\"lazy\" decoding=\"async\" width=\"1780\" height=\"1186\" src=\"https:\/\/www.villegasabogados.com.pe\/wp-content\/uploads\/2025\/10\/mp.avif\" class=\"attachment-full size-full wp-image-1427\" alt=\"\" srcset=\"https:\/\/www.villegasabogados.com.pe\/wp-content\/uploads\/2025\/10\/mp.avif 1780w, https:\/\/www.villegasabogados.com.pe\/wp-content\/uploads\/2025\/10\/mp-300x200.avif 300w, https:\/\/www.villegasabogados.com.pe\/wp-content\/uploads\/2025\/10\/mp-1024x682.avif 1024w, https:\/\/www.villegasabogados.com.pe\/wp-content\/uploads\/2025\/10\/mp-768x512.avif 768w, https:\/\/www.villegasabogados.com.pe\/wp-content\/uploads\/2025\/10\/mp-1536x1023.avif 1536w, https:\/\/www.villegasabogados.com.pe\/wp-content\/uploads\/2025\/10\/mp-18x12.avif 18w\" sizes=\"(max-width: 1780px) 100vw, 1780px\" \/><\/figure><div class=\"elementor-image-box-content\"><h3 class=\"elementor-image-box-title\">Marlin Paquirachi<\/h3><p class=\"elementor-image-box-description\">Practicante preprofesional de Derecho Penal y Procesal Penal.<\/p><\/div><\/div>\t\t\t\t<\/div>\n\t\t\t\t<\/a>\n\t\t\t\t\t<\/div>\n\t\t\t\t<\/div>\n\t\t<div class=\"has_eae_slider elementor-element elementor-element-aca2bae e-flex e-con-boxed elementor-invisible e-con e-parent\" data-eae-slider=\"10992\" data-id=\"aca2bae\" data-element_type=\"container\" data-e-type=\"container\" data-settings=\"{&quot;animation&quot;:&quot;fadeIn&quot;,&quot;background_background&quot;:&quot;classic&quot;}\">\n\t\t\t\t\t<div class=\"e-con-inner\">\n\t\t<div class=\"has_eae_slider elementor-element elementor-element-8a41997 e-con-full e-flex elementor-invisible e-con e-child\" data-eae-slider=\"9349\" data-id=\"8a41997\" data-element_type=\"container\" data-e-type=\"container\" data-settings=\"{&quot;background_background&quot;:&quot;classic&quot;,&quot;animation&quot;:&quot;fadeIn&quot;}\">\n\t\t\t\t<div class=\"elementor-element elementor-element-d76e21e elementor-widget elementor-widget-heading\" data-id=\"d76e21e\" data-element_type=\"widget\" data-e-type=\"widget\" data-widget_type=\"heading.default\">\n\t\t\t\t\t<h2 class=\"elementor-heading-title elementor-size-default\">Cont\u00e1ctanos<\/h2>\t\t\t\t<\/div>\n\t\t\t\t<div class=\"elementor-element elementor-element-12052c9 elementor-widget__width-initial elementor-widget elementor-widget-text-editor\" data-id=\"12052c9\" data-element_type=\"widget\" data-e-type=\"widget\" data-widget_type=\"text-editor.default\">\n\t\t\t\t\t\t\t\t\t<p data-start=\"240\" data-end=\"548\">Si tienes alguna consulta o quieres cotizar nuestros servicios, escr\u00edbenos y te responderemos a la mayor brevedad posible.<\/p>\t\t\t\t\t\t\t\t<\/div>\n\t\t\t\t<\/div>\n\t\t\t\t<div class=\"elementor-element elementor-element-a49712c elementor-widget__width-initial elementor-invisible elementor-widget elementor-widget-shortcode\" data-id=\"a49712c\" data-element_type=\"widget\" data-e-type=\"widget\" data-settings=\"{&quot;_animation&quot;:&quot;fadeInLeft&quot;}\" data-widget_type=\"shortcode.default\">\n\t\t\t\t\t\t\t<div class=\"elementor-shortcode\"><style id=\"wpforms-css-vars-863\">\n\t\t\t\t#wpforms-863 {\n\t\t\t\t--wpforms-field-border-color: #ababab;\n--wpforms-field-border-color-spare: #ababab;\n--wpforms-field-text-color: #000000;\n--wpforms-label-color: #ffffff;\n--wpforms-label-sublabel-color: #ababab;\n--wpforms-button-background-color: #0a1e4d;\n--wpforms-container-padding: 0px;\n--wpforms-container-border-width: 1px;\n--wpforms-container-border-radius: 3px;\n--wpforms-background-color: rgba(0, 0, 0, 0);\n--wpforms-field-size-input-height: 43px;\n--wpforms-field-size-input-spacing: 15px;\n--wpforms-field-size-font-size: 16px;\n--wpforms-field-size-line-height: 19px;\n--wpforms-field-size-padding-h: 14px;\n--wpforms-field-size-checkbox-size: 16px;\n--wpforms-field-size-sublabel-spacing: 5px;\n--wpforms-field-size-icon-size: 1;\n--wpforms-label-size-font-size: 16px;\n--wpforms-label-size-line-height: 19px;\n--wpforms-label-size-sublabel-font-size: 14px;\n--wpforms-label-size-sublabel-line-height: 17px;\n--wpforms-button-size-font-size: 17px;\n--wpforms-button-size-height: 41px;\n--wpforms-button-size-padding-h: 15px;\n--wpforms-button-size-margin-top: 10px;\n--wpforms-container-shadow-size-box-shadow: none;\n\t\t\t}\n\t\t\t<\/style><div class=\"wpforms-container wpforms-container-full wpforms-render-modern\" id=\"wpforms-863\"><form id=\"wpforms-form-863\" class=\"wpforms-validate wpforms-form wpforms-ajax-form\" data-formid=\"863\" method=\"post\" enctype=\"multipart\/form-data\" action=\"\/en\/wp-json\/wp\/v2\/pages\/1474\" data-token=\"3dd37a73e2cc700740bb0b5157a50c2c\" data-token-time=\"1776486974\"><noscript class=\"wpforms-error-noscript\">Please enable JavaScript in your browser to complete this form.<\/noscript><div id=\"wpforms-error-noscript\" style=\"display: none;\">Please enable JavaScript in your browser to complete this form.<\/div><div class=\"wpforms-field-container\"><div id=\"wpforms-863-field_1-container\" class=\"wpforms-field wpforms-field-name\" data-field-id=\"1\"><fieldset><legend class=\"wpforms-field-label\">Nombre <span class=\"wpforms-required-label\" aria-hidden=\"true\">*<\/span><\/legend><div class=\"wpforms-field-row wpforms-field-medium\"><div class=\"wpforms-field-row-block wpforms-first wpforms-one-half\"><input type=\"text\" id=\"wpforms-863-field_1\" class=\"wpforms-field-name-first wpforms-field-required\" name=\"wpforms[fields][1][first]\" aria-errormessage=\"wpforms-863-field_1-error\" required><label for=\"wpforms-863-field_1\" class=\"wpforms-field-sublabel after\">First<\/label><\/div><div class=\"wpforms-field-row-block wpforms-one-half\"><input type=\"text\" id=\"wpforms-863-field_1-last\" class=\"wpforms-field-name-last wpforms-field-required\" name=\"wpforms[fields][1][last]\" aria-errormessage=\"wpforms-863-field_1-last-error\" required><label for=\"wpforms-863-field_1-last\" class=\"wpforms-field-sublabel after\">Last<\/label><\/div><\/div><\/fieldset><\/div>\t\t<div id=\"wpforms-863-field_5-container\"\n\t\t\tclass=\"wpforms-field wpforms-field-text\"\n\t\t\tdata-field-type=\"text\"\n\t\t\tdata-field-id=\"5\"\n\t\t\t>\n\t\t\t<label class=\"wpforms-field-label\" for=\"wpforms-863-field_5\" >Nombre Correo Tel\u00e9fono<\/label>\n\t\t\t<input type=\"text\" id=\"wpforms-863-field_5\" class=\"wpforms-field-medium\" name=\"wpforms[fields][5]\" >\n\t\t<\/div>\n\t\t<div id=\"wpforms-863-field_2-container\" class=\"wpforms-field wpforms-field-email\" data-field-id=\"2\"><label class=\"wpforms-field-label\" for=\"wpforms-863-field_2\">Correo electr\u00f3nico <span class=\"wpforms-required-label\" aria-hidden=\"true\">*<\/span><\/label><input type=\"email\" id=\"wpforms-863-field_2\" class=\"wpforms-field-medium wpforms-field-required\" name=\"wpforms[fields][2]\" spellcheck=\"false\" aria-errormessage=\"wpforms-863-field_2-error\" required><\/div><div id=\"wpforms-863-field_4-container\" class=\"wpforms-field wpforms-field-text\" data-field-id=\"4\"><label class=\"wpforms-field-label\" for=\"wpforms-863-field_4\">Tel\u00e9fono <span class=\"wpforms-required-label\" aria-hidden=\"true\">*<\/span><\/label><input type=\"text\" id=\"wpforms-863-field_4\" class=\"wpforms-field-medium wpforms-field-required\" name=\"wpforms[fields][4]\" aria-errormessage=\"wpforms-863-field_4-error\" required><\/div><div id=\"wpforms-863-field_6-container\" class=\"wpforms-field wpforms-field-text\" data-field-id=\"6\"><label class=\"wpforms-field-label\" for=\"wpforms-863-field_6\">Nombre de la empresa<\/label><input type=\"text\" id=\"wpforms-863-field_6\" class=\"wpforms-field-medium\" name=\"wpforms[fields][6]\" aria-errormessage=\"wpforms-863-field_6-error\" ><\/div><div id=\"wpforms-863-field_3-container\" class=\"wpforms-field wpforms-field-textarea\" data-field-id=\"3\"><label class=\"wpforms-field-label\" for=\"wpforms-863-field_3\">Comentario o mensaje <span class=\"wpforms-required-label\" aria-hidden=\"true\">*<\/span><\/label><textarea id=\"wpforms-863-field_3\" class=\"wpforms-field-medium wpforms-field-required wpforms-limit-characters-enabled\" data-form-id=\"863\" data-field-id=\"3\" data-text-limit=\"3000\" name=\"wpforms[fields][3]\" aria-errormessage=\"wpforms-863-field_3-error\" maxlength=\"3000\" required><\/textarea><\/div><script>\n\t\t\t\t( function() {\n\t\t\t\t\tconst style = document.createElement( 'style' );\n\t\t\t\t\tstyle.appendChild( document.createTextNode( '#wpforms-863-field_5-container { position: absolute !important; overflow: hidden !important; display: inline !important; height: 1px !important; width: 1px !important; z-index: -1000 !important; padding: 0 !important; } #wpforms-863-field_5-container input { visibility: hidden; } #wpforms-conversational-form-page #wpforms-863-field_5-container label { counter-increment: none; }' ) );\n\t\t\t\t\tdocument.head.appendChild( style );\n\t\t\t\t\tdocument.currentScript?.remove();\n\t\t\t\t} )();\n\t\t\t<\/script><\/div><!-- .wpforms-field-container --><div class=\"wpforms-submit-container\" ><input type=\"hidden\" name=\"wpforms[id]\" value=\"863\"><input type=\"hidden\" name=\"page_title\" value=\"\"><input type=\"hidden\" name=\"page_url\" value=\"https:\/\/www.villegasabogados.com.pe\/en\/wp-json\/wp\/v2\/pages\/1474\"><input type=\"hidden\" name=\"url_referer\" value=\"\"><button type=\"submit\" name=\"wpforms[submit]\" id=\"wpforms-submit-863\" class=\"wpforms-submit\" data-alt-text=\"Enviando...\" data-submit-text=\"Enviar\" aria-live=\"assertive\" value=\"wpforms-submit\">Enviar<\/button><img loading=\"lazy\" decoding=\"async\" src=\"https:\/\/www.villegasabogados.com.pe\/wp-content\/plugins\/wpforms-lite\/assets\/images\/submit-spin.svg\" class=\"wpforms-submit-spinner\" style=\"display: none;\" width=\"26\" height=\"26\" alt=\"Loading\"><\/div><\/form><\/div>  <!-- .wpforms-container --><\/div>\n\t\t\t\t\t\t<\/div>\n\t\t\t\t\t<\/div>\n\t\t\t\t<\/div>\n\t\t\t\t<\/div>\n\t\t","protected":false},"excerpt":{"rendered":"<p>El equipo En Villegas, Missiego &amp; Astorga Abogados, formamos un equipo cohesionado que trabaja sobre la base de la confianza, el respeto y el compa\u00f1erismo. Creemos firmemente en la colaboraci\u00f3n como motor para mantener la calidad de nuestro servicio y potenciar la mejora continua en cada una de nuestras acciones. La solidez t\u00e9cnica, el enfoque [&hellip;]<\/p>\n","protected":false},"author":1,"featured_media":0,"parent":0,"menu_order":0,"comment_status":"closed","ping_status":"closed","template":"elementor_header_footer","meta":{"_eb_attr":"","_crdt_document":"","footnotes":""},"class_list":["post-1474","page","type-page","status-publish","hentry"],"rttpg_featured_image_url":null,"rttpg_author":{"display_name":"Marketing","author_link":"https:\/\/www.villegasabogados.com.pe\/en\/author\/admin\/"},"rttpg_comment":0,"rttpg_category":null,"rttpg_excerpt":"El equipo En Villegas, Missiego &amp; Astorga Abogados, formamos un equipo cohesionado que trabaja sobre la base de la confianza, el respeto y el compa\u00f1erismo. Creemos firmemente en la colaboraci\u00f3n como motor para mantener la calidad de nuestro servicio y potenciar la mejora continua en cada una de nuestras acciones. La solidez t\u00e9cnica, el enfoque&hellip;","_links":{"self":[{"href":"https:\/\/www.villegasabogados.com.pe\/en\/wp-json\/wp\/v2\/pages\/1474","targetHints":{"allow":["GET"]}}],"collection":[{"href":"https:\/\/www.villegasabogados.com.pe\/en\/wp-json\/wp\/v2\/pages"}],"about":[{"href":"https:\/\/www.villegasabogados.com.pe\/en\/wp-json\/wp\/v2\/types\/page"}],"author":[{"embeddable":true,"href":"https:\/\/www.villegasabogados.com.pe\/en\/wp-json\/wp\/v2\/users\/1"}],"replies":[{"embeddable":true,"href":"https:\/\/www.villegasabogados.com.pe\/en\/wp-json\/wp\/v2\/comments?post=1474"}],"version-history":[{"count":41,"href":"https:\/\/www.villegasabogados.com.pe\/en\/wp-json\/wp\/v2\/pages\/1474\/revisions"}],"predecessor-version":[{"id":1677,"href":"https:\/\/www.villegasabogados.com.pe\/en\/wp-json\/wp\/v2\/pages\/1474\/revisions\/1677"}],"wp:attachment":[{"href":"https:\/\/www.villegasabogados.com.pe\/en\/wp-json\/wp\/v2\/media?parent=1474"}],"curies":[{"name":"wp","href":"https:\/\/api.w.org\/{rel}","templated":true}]}}