{"id":306,"date":"2025-07-21T18:51:43","date_gmt":"2025-07-21T18:51:43","guid":{"rendered":"https:\/\/www.villegasabogados.com.pe\/?page_id=306"},"modified":"2025-08-22T18:07:40","modified_gmt":"2025-08-22T18:07:40","slug":"criminal-compliance","status":"publish","type":"page","link":"https:\/\/www.villegasabogados.com.pe\/en\/criminal-compliance\/","title":{"rendered":"Criminal Compliance"},"content":{"rendered":"\t\t<div data-elementor-type=\"wp-page\" data-elementor-id=\"306\" class=\"elementor elementor-306\">\n\t\t\t\t<div class=\"has_eae_slider elementor-element elementor-element-523462f e-flex e-con-boxed e-con e-parent\" data-eae-slider=\"84843\" data-id=\"523462f\" data-element_type=\"container\" data-e-type=\"container\">\n\t\t\t\t\t<div class=\"e-con-inner\">\n\t\t<div class=\"has_eae_slider elementor-element elementor-element-935a3bf e-con-full e-flex elementor-invisible e-con e-child\" data-eae-slider=\"79156\" data-id=\"935a3bf\" data-element_type=\"container\" data-e-type=\"container\" data-settings=\"{&quot;animation&quot;:&quot;fadeInDown&quot;}\">\n\t\t\t\t<div class=\"elementor-element elementor-element-3db3967 elementor-widget elementor-widget-image\" data-id=\"3db3967\" data-element_type=\"widget\" data-e-type=\"widget\" data-widget_type=\"image.default\">\n\t\t\t\t\t\t\t\t\t\t\t\t\t\t\t<img fetchpriority=\"high\" decoding=\"async\" width=\"1709\" height=\"2560\" src=\"https:\/\/www.villegasabogados.com.pe\/wp-content\/uploads\/2025\/08\/planes-de-negocios-de-alto-angulo-para-la-empresa-scaled.jpg\" class=\"attachment-full size-full wp-image-912\" alt=\"\" srcset=\"https:\/\/www.villegasabogados.com.pe\/wp-content\/uploads\/2025\/08\/planes-de-negocios-de-alto-angulo-para-la-empresa-scaled.jpg 1709w, https:\/\/www.villegasabogados.com.pe\/wp-content\/uploads\/2025\/08\/planes-de-negocios-de-alto-angulo-para-la-empresa-200x300.jpg 200w, https:\/\/www.villegasabogados.com.pe\/wp-content\/uploads\/2025\/08\/planes-de-negocios-de-alto-angulo-para-la-empresa-683x1024.jpg 683w, https:\/\/www.villegasabogados.com.pe\/wp-content\/uploads\/2025\/08\/planes-de-negocios-de-alto-angulo-para-la-empresa-768x1151.jpg 768w, https:\/\/www.villegasabogados.com.pe\/wp-content\/uploads\/2025\/08\/planes-de-negocios-de-alto-angulo-para-la-empresa-1025x1536.jpg 1025w, https:\/\/www.villegasabogados.com.pe\/wp-content\/uploads\/2025\/08\/planes-de-negocios-de-alto-angulo-para-la-empresa-1367x2048.jpg 1367w\" sizes=\"(max-width: 1709px) 100vw, 1709px\" \/>\t\t\t\t\t\t\t\t\t\t\t\t\t\t\t<\/div>\n\t\t\t\t<\/div>\n\t\t<div class=\"has_eae_slider elementor-element elementor-element-dce31e3 e-con-full e-flex elementor-invisible e-con e-child\" data-eae-slider=\"5439\" data-id=\"dce31e3\" data-element_type=\"container\" data-e-type=\"container\" data-settings=\"{&quot;animation&quot;:&quot;fadeInDown&quot;}\">\n\t\t\t\t<div class=\"elementor-element elementor-element-3f6ca2e elementor-widget elementor-widget-heading\" data-id=\"3f6ca2e\" data-element_type=\"widget\" data-e-type=\"widget\" data-widget_type=\"heading.default\">\n\t\t\t\t\t<h2 class=\"elementor-heading-title elementor-size-default\">Criminal Compliance<\/h2>\t\t\t\t<\/div>\n\t\t\t\t<div class=\"elementor-element elementor-element-a5625a8 elementor-widget elementor-widget-text-editor\" data-id=\"a5625a8\" data-element_type=\"widget\" data-e-type=\"widget\" data-widget_type=\"text-editor.default\">\n\t\t\t\t\t\t\t\t\t<p data-start=\"89\" data-end=\"467\">Contamos con un enfoque altamente especializado en compliance penal, mediante el cual dise\u00f1amos, implementamos y supervisamos programas de cumplimiento adaptados a la realidad y necesidades de cada organizaci\u00f3n. Nuestro objetivo es prevenir la comisi\u00f3n de delitos en el entorno corporativo, fortalecer la cultura de integridad y asegurar el cumplimiento de la normativa vigente.<\/p><p data-start=\"469\" data-end=\"761\">A trav\u00e9s de diagn\u00f3sticos exhaustivos, pol\u00edticas internas claras y capacitaciones efectivas, ayudamos a nuestros clientes a identificar, mitigar y gestionar riesgos penales, protegiendo as\u00ed tanto a la empresa como a sus directivos y colaboradores frente a eventuales responsabilidades legales.<\/p>\t\t\t\t\t\t\t\t<\/div>\n\t\t\t\t<div class=\"elementor-element elementor-element-998ef76 elementor-widget elementor-widget-text-editor\" data-id=\"998ef76\" data-element_type=\"widget\" data-e-type=\"widget\" data-widget_type=\"text-editor.default\">\n\t\t\t\t\t\t\t\t\t<p>Servicios<\/p>\t\t\t\t\t\t\t\t<\/div>\n\t\t\t\t<div class=\"elementor-element elementor-element-719b19d elementor-widget elementor-widget-text-editor\" data-id=\"719b19d\" data-element_type=\"widget\" data-e-type=\"widget\" data-widget_type=\"text-editor.default\">\n\t\t\t\t\t\t\t\t\t<ul>\n<li>Elaboraci\u00f3n de sistemas de prevenci\u00f3n LAFT.<\/li>\n<li>Elaboraci\u00f3n de sistemas de prevenci\u00f3n de riesgos penales.<\/li>\n<li>Implementaci\u00f3n de sistemas de prevenci\u00f3n.<\/li>\n<li>Capacitaci\u00f3n a las organizaciones y asesoramiento a oficiales de cumplimento y gerencias.<\/li>\n<\/ul>\t\t\t\t\t\t\t\t<\/div>\n\t\t\t\t<\/div>\n\t\t\t\t\t<\/div>\n\t\t\t\t<\/div>\n\t\t<div class=\"has_eae_slider elementor-element elementor-element-20788dd e-flex e-con-boxed elementor-invisible e-con e-parent\" data-eae-slider=\"30593\" data-id=\"20788dd\" data-element_type=\"container\" data-e-type=\"container\" data-settings=\"{&quot;animation&quot;:&quot;fadeIn&quot;,&quot;background_background&quot;:&quot;classic&quot;}\">\n\t\t\t\t\t<div class=\"e-con-inner\">\n\t\t<div class=\"has_eae_slider elementor-element elementor-element-f5b6fb8 e-con-full e-flex elementor-invisible e-con e-child\" data-eae-slider=\"12165\" data-id=\"f5b6fb8\" data-element_type=\"container\" data-e-type=\"container\" data-settings=\"{&quot;background_background&quot;:&quot;classic&quot;,&quot;animation&quot;:&quot;fadeIn&quot;}\">\n\t\t\t\t<div class=\"elementor-element elementor-element-e0dcec6 elementor-widget elementor-widget-heading\" data-id=\"e0dcec6\" data-element_type=\"widget\" data-e-type=\"widget\" data-widget_type=\"heading.default\">\n\t\t\t\t\t<h2 class=\"elementor-heading-title elementor-size-default\">Cont\u00e1ctanos<\/h2>\t\t\t\t<\/div>\n\t\t\t\t<div class=\"elementor-element elementor-element-12b3d60 elementor-widget__width-initial elementor-widget elementor-widget-text-editor\" data-id=\"12b3d60\" data-element_type=\"widget\" data-e-type=\"widget\" data-widget_type=\"text-editor.default\">\n\t\t\t\t\t\t\t\t\t<p data-start=\"240\" data-end=\"548\">Si tienes alguna consulta o quieres cotizar nuestros servicios, escr\u00edbenos y te responderemos a la mayor brevedad posible.<\/p>\t\t\t\t\t\t\t\t<\/div>\n\t\t\t\t<\/div>\n\t\t\t\t<div class=\"elementor-element elementor-element-2c9b17b elementor-widget__width-initial elementor-invisible elementor-widget elementor-widget-shortcode\" data-id=\"2c9b17b\" data-element_type=\"widget\" data-e-type=\"widget\" data-settings=\"{&quot;_animation&quot;:&quot;fadeInLeft&quot;}\" data-widget_type=\"shortcode.default\">\n\t\t\t\t\t\t\t<div class=\"elementor-shortcode\"><style id=\"wpforms-css-vars-863\">\n\t\t\t\t#wpforms-863 {\n\t\t\t\t--wpforms-field-border-color: #ababab;\n--wpforms-field-border-color-spare: #ababab;\n--wpforms-field-text-color: #000000;\n--wpforms-label-color: #ffffff;\n--wpforms-label-sublabel-color: #ababab;\n--wpforms-button-background-color: #0a1e4d;\n--wpforms-container-padding: 0px;\n--wpforms-container-border-width: 1px;\n--wpforms-container-border-radius: 3px;\n--wpforms-background-color: rgba(0, 0, 0, 0);\n--wpforms-field-size-input-height: 43px;\n--wpforms-field-size-input-spacing: 15px;\n--wpforms-field-size-font-size: 16px;\n--wpforms-field-size-line-height: 19px;\n--wpforms-field-size-padding-h: 14px;\n--wpforms-field-size-checkbox-size: 16px;\n--wpforms-field-size-sublabel-spacing: 5px;\n--wpforms-field-size-icon-size: 1;\n--wpforms-label-size-font-size: 16px;\n--wpforms-label-size-line-height: 19px;\n--wpforms-label-size-sublabel-font-size: 14px;\n--wpforms-label-size-sublabel-line-height: 17px;\n--wpforms-button-size-font-size: 17px;\n--wpforms-button-size-height: 41px;\n--wpforms-button-size-padding-h: 15px;\n--wpforms-button-size-margin-top: 10px;\n--wpforms-container-shadow-size-box-shadow: none;\n\t\t\t}\n\t\t\t<\/style><div class=\"wpforms-container wpforms-container-full wpforms-render-modern\" id=\"wpforms-863\"><form id=\"wpforms-form-863\" class=\"wpforms-validate wpforms-form wpforms-ajax-form\" data-formid=\"863\" method=\"post\" enctype=\"multipart\/form-data\" action=\"\/en\/wp-json\/wp\/v2\/pages\/306\" data-token=\"3dd37a73e2cc700740bb0b5157a50c2c\" data-token-time=\"1776486886\"><noscript class=\"wpforms-error-noscript\">Please enable JavaScript in your browser to complete this form.<\/noscript><div id=\"wpforms-error-noscript\" style=\"display: none;\">Please enable JavaScript in your browser to complete this form.<\/div><div class=\"wpforms-field-container\"><div id=\"wpforms-863-field_1-container\" class=\"wpforms-field wpforms-field-name\" data-field-id=\"1\"><fieldset><legend class=\"wpforms-field-label\">Nombre <span class=\"wpforms-required-label\" aria-hidden=\"true\">*<\/span><\/legend><div class=\"wpforms-field-row wpforms-field-medium\"><div class=\"wpforms-field-row-block wpforms-first wpforms-one-half\"><input type=\"text\" id=\"wpforms-863-field_1\" class=\"wpforms-field-name-first wpforms-field-required\" name=\"wpforms[fields][1][first]\" aria-errormessage=\"wpforms-863-field_1-error\" required><label for=\"wpforms-863-field_1\" class=\"wpforms-field-sublabel after\">First<\/label><\/div><div class=\"wpforms-field-row-block wpforms-one-half\"><input type=\"text\" id=\"wpforms-863-field_1-last\" class=\"wpforms-field-name-last wpforms-field-required\" name=\"wpforms[fields][1][last]\" aria-errormessage=\"wpforms-863-field_1-last-error\" required><label for=\"wpforms-863-field_1-last\" class=\"wpforms-field-sublabel after\">Last<\/label><\/div><\/div><\/fieldset><\/div>\t\t<div id=\"wpforms-863-field_5-container\"\n\t\t\tclass=\"wpforms-field wpforms-field-text\"\n\t\t\tdata-field-type=\"text\"\n\t\t\tdata-field-id=\"5\"\n\t\t\t>\n\t\t\t<label class=\"wpforms-field-label\" for=\"wpforms-863-field_5\" >electr\u00f3nico Nombre empresa<\/label>\n\t\t\t<input type=\"text\" id=\"wpforms-863-field_5\" class=\"wpforms-field-medium\" name=\"wpforms[fields][5]\" >\n\t\t<\/div>\n\t\t<div id=\"wpforms-863-field_2-container\" class=\"wpforms-field wpforms-field-email\" data-field-id=\"2\"><label class=\"wpforms-field-label\" for=\"wpforms-863-field_2\">Correo electr\u00f3nico <span class=\"wpforms-required-label\" aria-hidden=\"true\">*<\/span><\/label><input type=\"email\" id=\"wpforms-863-field_2\" class=\"wpforms-field-medium wpforms-field-required\" name=\"wpforms[fields][2]\" spellcheck=\"false\" aria-errormessage=\"wpforms-863-field_2-error\" required><\/div><div id=\"wpforms-863-field_4-container\" class=\"wpforms-field wpforms-field-text\" data-field-id=\"4\"><label class=\"wpforms-field-label\" for=\"wpforms-863-field_4\">Tel\u00e9fono <span class=\"wpforms-required-label\" aria-hidden=\"true\">*<\/span><\/label><input type=\"text\" id=\"wpforms-863-field_4\" class=\"wpforms-field-medium wpforms-field-required\" name=\"wpforms[fields][4]\" aria-errormessage=\"wpforms-863-field_4-error\" required><\/div><div id=\"wpforms-863-field_6-container\" class=\"wpforms-field wpforms-field-text\" data-field-id=\"6\"><label class=\"wpforms-field-label\" for=\"wpforms-863-field_6\">Nombre de la empresa<\/label><input type=\"text\" id=\"wpforms-863-field_6\" class=\"wpforms-field-medium\" name=\"wpforms[fields][6]\" aria-errormessage=\"wpforms-863-field_6-error\" ><\/div><div id=\"wpforms-863-field_3-container\" class=\"wpforms-field wpforms-field-textarea\" data-field-id=\"3\"><label class=\"wpforms-field-label\" for=\"wpforms-863-field_3\">Comentario o mensaje <span class=\"wpforms-required-label\" aria-hidden=\"true\">*<\/span><\/label><textarea id=\"wpforms-863-field_3\" class=\"wpforms-field-medium wpforms-field-required wpforms-limit-characters-enabled\" data-form-id=\"863\" data-field-id=\"3\" data-text-limit=\"3000\" name=\"wpforms[fields][3]\" aria-errormessage=\"wpforms-863-field_3-error\" maxlength=\"3000\" required><\/textarea><\/div><script>\n\t\t\t\t( function() {\n\t\t\t\t\tconst style = document.createElement( 'style' );\n\t\t\t\t\tstyle.appendChild( document.createTextNode( '#wpforms-863-field_5-container { position: absolute !important; overflow: hidden !important; display: inline !important; height: 1px !important; width: 1px !important; z-index: -1000 !important; padding: 0 !important; } #wpforms-863-field_5-container input { visibility: hidden; } #wpforms-conversational-form-page #wpforms-863-field_5-container label { counter-increment: none; }' ) );\n\t\t\t\t\tdocument.head.appendChild( style );\n\t\t\t\t\tdocument.currentScript?.remove();\n\t\t\t\t} )();\n\t\t\t<\/script><\/div><!-- .wpforms-field-container --><div class=\"wpforms-submit-container\" ><input type=\"hidden\" name=\"wpforms[id]\" value=\"863\"><input type=\"hidden\" name=\"page_title\" value=\"\"><input type=\"hidden\" name=\"page_url\" value=\"https:\/\/www.villegasabogados.com.pe\/en\/wp-json\/wp\/v2\/pages\/306\"><input type=\"hidden\" name=\"url_referer\" value=\"\"><button type=\"submit\" name=\"wpforms[submit]\" id=\"wpforms-submit-863\" class=\"wpforms-submit\" data-alt-text=\"Enviando...\" data-submit-text=\"Enviar\" aria-live=\"assertive\" value=\"wpforms-submit\">Enviar<\/button><img decoding=\"async\" src=\"https:\/\/www.villegasabogados.com.pe\/wp-content\/plugins\/wpforms-lite\/assets\/images\/submit-spin.svg\" class=\"wpforms-submit-spinner\" style=\"display: none;\" width=\"26\" height=\"26\" alt=\"Loading\"><\/div><\/form><\/div>  <!-- .wpforms-container --><\/div>\n\t\t\t\t\t\t<\/div>\n\t\t\t\t\t<\/div>\n\t\t\t\t<\/div>\n\t\t\t\t<\/div>\n\t\t","protected":false},"excerpt":{"rendered":"<p>Criminal Compliance Contamos con un enfoque altamente especializado en compliance penal, mediante el cual dise\u00f1amos, implementamos y supervisamos programas de cumplimiento adaptados a la realidad y necesidades de cada organizaci\u00f3n. Nuestro objetivo es prevenir la comisi\u00f3n de delitos en el entorno corporativo, fortalecer la cultura de integridad y asegurar el cumplimiento de la normativa vigente. [&hellip;]<\/p>\n","protected":false},"author":1,"featured_media":0,"parent":0,"menu_order":0,"comment_status":"closed","ping_status":"closed","template":"elementor_header_footer","meta":{"_eb_attr":"","_crdt_document":"","footnotes":""},"class_list":["post-306","page","type-page","status-publish","hentry"],"rttpg_featured_image_url":null,"rttpg_author":{"display_name":"Marketing","author_link":"https:\/\/www.villegasabogados.com.pe\/en\/author\/admin\/"},"rttpg_comment":0,"rttpg_category":null,"rttpg_excerpt":"Criminal Compliance Contamos con un enfoque altamente especializado en compliance penal, mediante el cual dise\u00f1amos, implementamos y supervisamos programas de cumplimiento adaptados a la realidad y necesidades de cada organizaci\u00f3n. Nuestro objetivo es prevenir la comisi\u00f3n de delitos en el entorno corporativo, fortalecer la cultura de integridad y asegurar el cumplimiento de la normativa vigente.&hellip;","_links":{"self":[{"href":"https:\/\/www.villegasabogados.com.pe\/en\/wp-json\/wp\/v2\/pages\/306","targetHints":{"allow":["GET"]}}],"collection":[{"href":"https:\/\/www.villegasabogados.com.pe\/en\/wp-json\/wp\/v2\/pages"}],"about":[{"href":"https:\/\/www.villegasabogados.com.pe\/en\/wp-json\/wp\/v2\/types\/page"}],"author":[{"embeddable":true,"href":"https:\/\/www.villegasabogados.com.pe\/en\/wp-json\/wp\/v2\/users\/1"}],"replies":[{"embeddable":true,"href":"https:\/\/www.villegasabogados.com.pe\/en\/wp-json\/wp\/v2\/comments?post=306"}],"version-history":[{"count":67,"href":"https:\/\/www.villegasabogados.com.pe\/en\/wp-json\/wp\/v2\/pages\/306\/revisions"}],"predecessor-version":[{"id":1150,"href":"https:\/\/www.villegasabogados.com.pe\/en\/wp-json\/wp\/v2\/pages\/306\/revisions\/1150"}],"wp:attachment":[{"href":"https:\/\/www.villegasabogados.com.pe\/en\/wp-json\/wp\/v2\/media?parent=306"}],"curies":[{"name":"wp","href":"https:\/\/api.w.org\/{rel}","templated":true}]}}