{"id":308,"date":"2025-07-21T18:52:19","date_gmt":"2025-07-21T18:52:19","guid":{"rendered":"https:\/\/www.villegasabogados.com.pe\/?page_id=308"},"modified":"2025-08-22T18:05:36","modified_gmt":"2025-08-22T18:05:36","slug":"derecho-penal-empresarial","status":"publish","type":"page","link":"https:\/\/www.villegasabogados.com.pe\/en\/derecho-penal-empresarial\/","title":{"rendered":"Corporate Criminal Law"},"content":{"rendered":"\t\t<div data-elementor-type=\"wp-page\" data-elementor-id=\"308\" class=\"elementor elementor-308\">\n\t\t\t\t<div class=\"has_eae_slider elementor-element elementor-element-36fbb2a e-flex e-con-boxed e-con e-parent\" data-eae-slider=\"30230\" data-id=\"36fbb2a\" data-element_type=\"container\" data-e-type=\"container\">\n\t\t\t\t\t<div class=\"e-con-inner\">\n\t\t<div class=\"has_eae_slider elementor-element elementor-element-b805c03 e-con-full e-flex elementor-invisible e-con e-child\" data-eae-slider=\"56348\" data-id=\"b805c03\" data-element_type=\"container\" data-e-type=\"container\" data-settings=\"{&quot;animation&quot;:&quot;fadeInDown&quot;}\">\n\t\t\t\t<div class=\"elementor-element elementor-element-b904a79 elementor-widget elementor-widget-image\" data-id=\"b904a79\" data-element_type=\"widget\" data-e-type=\"widget\" data-widget_type=\"image.default\">\n\t\t\t\t\t\t\t\t\t\t\t\t\t\t\t<img fetchpriority=\"high\" decoding=\"async\" width=\"1709\" height=\"2560\" src=\"https:\/\/www.villegasabogados.com.pe\/wp-content\/uploads\/2025\/08\/hombre-de-alto-angulo-trabajando-como-abogado-scaled.jpg\" class=\"attachment-full size-full wp-image-1029\" alt=\"\" srcset=\"https:\/\/www.villegasabogados.com.pe\/wp-content\/uploads\/2025\/08\/hombre-de-alto-angulo-trabajando-como-abogado-scaled.jpg 1709w, https:\/\/www.villegasabogados.com.pe\/wp-content\/uploads\/2025\/08\/hombre-de-alto-angulo-trabajando-como-abogado-200x300.jpg 200w, https:\/\/www.villegasabogados.com.pe\/wp-content\/uploads\/2025\/08\/hombre-de-alto-angulo-trabajando-como-abogado-683x1024.jpg 683w, https:\/\/www.villegasabogados.com.pe\/wp-content\/uploads\/2025\/08\/hombre-de-alto-angulo-trabajando-como-abogado-768x1151.jpg 768w, https:\/\/www.villegasabogados.com.pe\/wp-content\/uploads\/2025\/08\/hombre-de-alto-angulo-trabajando-como-abogado-1025x1536.jpg 1025w, https:\/\/www.villegasabogados.com.pe\/wp-content\/uploads\/2025\/08\/hombre-de-alto-angulo-trabajando-como-abogado-1367x2048.jpg 1367w, https:\/\/www.villegasabogados.com.pe\/wp-content\/uploads\/2025\/08\/hombre-de-alto-angulo-trabajando-como-abogado-8x12.jpg 8w\" sizes=\"(max-width: 1709px) 100vw, 1709px\" \/>\t\t\t\t\t\t\t\t\t\t\t\t\t\t\t<\/div>\n\t\t\t\t<\/div>\n\t\t<div class=\"has_eae_slider elementor-element elementor-element-ee8f493 e-con-full e-flex elementor-invisible e-con e-child\" data-eae-slider=\"35066\" data-id=\"ee8f493\" data-element_type=\"container\" data-e-type=\"container\" data-settings=\"{&quot;animation&quot;:&quot;fadeInDown&quot;}\">\n\t\t\t\t<div class=\"elementor-element elementor-element-2e3fe41 elementor-widget elementor-widget-heading\" data-id=\"2e3fe41\" data-element_type=\"widget\" data-e-type=\"widget\" data-widget_type=\"heading.default\">\n\t\t\t\t\t<h2 class=\"elementor-heading-title elementor-size-default\">Derecho Penal Empresarial\u200b<\/h2>\t\t\t\t<\/div>\n\t\t\t\t<div class=\"elementor-element elementor-element-7d66217 elementor-widget elementor-widget-text-editor\" data-id=\"7d66217\" data-element_type=\"widget\" data-e-type=\"widget\" data-widget_type=\"text-editor.default\">\n\t\t\t\t\t\t\t\t\t<p data-start=\"112\" data-end=\"526\">Ofrecemos asesor\u00eda experta y estrat\u00e9gica en derecho penal empresarial, orientada a prevenir, gestionar y enfrentar los riesgos legales que puedan comprometer la reputaci\u00f3n, libertad o continuidad operativa de nuestros clientes. Nuestra intervenci\u00f3n se caracteriza por un enfoque t\u00e9cnico riguroso, una comprensi\u00f3n profunda del entorno corporativo y una respuesta \u00e1gil frente a situaciones de crisis.<\/p><p data-start=\"528\" data-end=\"816\">Contamos con m\u00e1s de 30 a\u00f1os de experiencia en la conducci\u00f3n de casos complejos, incluyendo investigaciones fiscales, procesos judiciales y procedimientos administrativos sancionadores, lo que nos permite brindar soluciones eficaces y alineadas con los objetivos estrat\u00e9gicos de cada organizaci\u00f3n.<\/p>\t\t\t\t\t\t\t\t<\/div>\n\t\t\t\t<div class=\"elementor-element elementor-element-b41ffd7 elementor-widget elementor-widget-text-editor\" data-id=\"b41ffd7\" data-element_type=\"widget\" data-e-type=\"widget\" data-widget_type=\"text-editor.default\">\n\t\t\t\t\t\t\t\t\t<p>Servicios<\/p>\t\t\t\t\t\t\t\t<\/div>\n\t\t\t\t<div class=\"elementor-element elementor-element-68e1147 elementor-widget elementor-widget-text-editor\" data-id=\"68e1147\" data-element_type=\"widget\" data-e-type=\"widget\" data-widget_type=\"text-editor.default\">\n\t\t\t\t\t\t\t\t\t<ul>\n<li><span style=\"background-color: transparent;\">An\u00e1lisis y estudio de informaci\u00f3n.<\/span><\/li>\n<li>Redacci\u00f3n de denuncias y litigio.<\/li>\n<li>Asesor\u00eda legal a gerencias y directorios, para una mejor toma de decisiones.<\/li>\n<li>Elaboraci\u00f3n de estrategias de defensa.<\/li>\n<li>Negociaci\u00f3n.<\/li>\n<\/ul>\t\t\t\t\t\t\t\t<\/div>\n\t\t\t\t<\/div>\n\t\t\t\t\t<\/div>\n\t\t\t\t<\/div>\n\t\t<div class=\"has_eae_slider elementor-element elementor-element-44cb836 e-flex e-con-boxed elementor-invisible e-con e-parent\" data-eae-slider=\"24736\" data-id=\"44cb836\" data-element_type=\"container\" data-e-type=\"container\" data-settings=\"{&quot;animation&quot;:&quot;fadeIn&quot;,&quot;background_background&quot;:&quot;classic&quot;}\">\n\t\t\t\t\t<div class=\"e-con-inner\">\n\t\t<div class=\"has_eae_slider elementor-element elementor-element-aea46d0 e-con-full e-flex elementor-invisible e-con e-child\" data-eae-slider=\"20175\" data-id=\"aea46d0\" data-element_type=\"container\" data-e-type=\"container\" data-settings=\"{&quot;background_background&quot;:&quot;classic&quot;,&quot;animation&quot;:&quot;fadeIn&quot;}\">\n\t\t\t\t<div class=\"elementor-element elementor-element-551a9d7 elementor-widget elementor-widget-heading\" data-id=\"551a9d7\" data-element_type=\"widget\" data-e-type=\"widget\" data-widget_type=\"heading.default\">\n\t\t\t\t\t<h2 class=\"elementor-heading-title elementor-size-default\">Cont\u00e1ctanos<\/h2>\t\t\t\t<\/div>\n\t\t\t\t<div class=\"elementor-element elementor-element-d1744e5 elementor-widget__width-initial elementor-widget elementor-widget-text-editor\" data-id=\"d1744e5\" data-element_type=\"widget\" data-e-type=\"widget\" data-widget_type=\"text-editor.default\">\n\t\t\t\t\t\t\t\t\t<p data-start=\"240\" data-end=\"548\">Si tienes alguna consulta o quieres cotizar nuestros servicios, escr\u00edbenos y te responderemos a la mayor brevedad posible.<\/p>\t\t\t\t\t\t\t\t<\/div>\n\t\t\t\t<\/div>\n\t\t\t\t<div class=\"elementor-element elementor-element-084e171 elementor-widget__width-initial elementor-invisible elementor-widget elementor-widget-shortcode\" data-id=\"084e171\" data-element_type=\"widget\" data-e-type=\"widget\" data-settings=\"{&quot;_animation&quot;:&quot;fadeInLeft&quot;}\" data-widget_type=\"shortcode.default\">\n\t\t\t\t\t\t\t<div class=\"elementor-shortcode\"><style id=\"wpforms-css-vars-863\">\n\t\t\t\t#wpforms-863 {\n\t\t\t\t--wpforms-field-border-color: #ababab;\n--wpforms-field-border-color-spare: #ababab;\n--wpforms-field-text-color: #000000;\n--wpforms-label-color: #ffffff;\n--wpforms-label-sublabel-color: #ababab;\n--wpforms-button-background-color: #0a1e4d;\n--wpforms-container-padding: 0px;\n--wpforms-container-border-width: 1px;\n--wpforms-container-border-radius: 3px;\n--wpforms-background-color: rgba(0, 0, 0, 0);\n--wpforms-field-size-input-height: 43px;\n--wpforms-field-size-input-spacing: 15px;\n--wpforms-field-size-font-size: 16px;\n--wpforms-field-size-line-height: 19px;\n--wpforms-field-size-padding-h: 14px;\n--wpforms-field-size-checkbox-size: 16px;\n--wpforms-field-size-sublabel-spacing: 5px;\n--wpforms-field-size-icon-size: 1;\n--wpforms-label-size-font-size: 16px;\n--wpforms-label-size-line-height: 19px;\n--wpforms-label-size-sublabel-font-size: 14px;\n--wpforms-label-size-sublabel-line-height: 17px;\n--wpforms-button-size-font-size: 17px;\n--wpforms-button-size-height: 41px;\n--wpforms-button-size-padding-h: 15px;\n--wpforms-button-size-margin-top: 10px;\n--wpforms-container-shadow-size-box-shadow: none;\n\t\t\t}\n\t\t\t<\/style><div class=\"wpforms-container wpforms-container-full wpforms-render-modern\" id=\"wpforms-863\"><form id=\"wpforms-form-863\" class=\"wpforms-validate wpforms-form wpforms-ajax-form\" data-formid=\"863\" method=\"post\" enctype=\"multipart\/form-data\" action=\"\/en\/wp-json\/wp\/v2\/pages\/308\" data-token=\"3dd37a73e2cc700740bb0b5157a50c2c\" data-token-time=\"1776486889\"><noscript class=\"wpforms-error-noscript\">Please enable JavaScript in your browser to complete this form.<\/noscript><div id=\"wpforms-error-noscript\" style=\"display: none;\">Please enable JavaScript in your browser to complete this form.<\/div><div class=\"wpforms-field-container\">\t\t<div id=\"wpforms-863-field_5-container\"\n\t\t\tclass=\"wpforms-field wpforms-field-text\"\n\t\t\tdata-field-type=\"text\"\n\t\t\tdata-field-id=\"5\"\n\t\t\t>\n\t\t\t<label class=\"wpforms-field-label\" for=\"wpforms-863-field_5\" >electr\u00f3nico mensaje Tel\u00e9fono<\/label>\n\t\t\t<input type=\"text\" id=\"wpforms-863-field_5\" class=\"wpforms-field-medium\" name=\"wpforms[fields][5]\" >\n\t\t<\/div>\n\t\t<div id=\"wpforms-863-field_1-container\" class=\"wpforms-field wpforms-field-name\" data-field-id=\"1\"><fieldset><legend class=\"wpforms-field-label\">Nombre <span class=\"wpforms-required-label\" aria-hidden=\"true\">*<\/span><\/legend><div class=\"wpforms-field-row wpforms-field-medium\"><div class=\"wpforms-field-row-block wpforms-first wpforms-one-half\"><input type=\"text\" id=\"wpforms-863-field_1\" class=\"wpforms-field-name-first wpforms-field-required\" name=\"wpforms[fields][1][first]\" aria-errormessage=\"wpforms-863-field_1-error\" required><label for=\"wpforms-863-field_1\" class=\"wpforms-field-sublabel after\">First<\/label><\/div><div class=\"wpforms-field-row-block wpforms-one-half\"><input type=\"text\" id=\"wpforms-863-field_1-last\" class=\"wpforms-field-name-last wpforms-field-required\" name=\"wpforms[fields][1][last]\" aria-errormessage=\"wpforms-863-field_1-last-error\" required><label for=\"wpforms-863-field_1-last\" class=\"wpforms-field-sublabel after\">Last<\/label><\/div><\/div><\/fieldset><\/div><div id=\"wpforms-863-field_2-container\" class=\"wpforms-field wpforms-field-email\" data-field-id=\"2\"><label class=\"wpforms-field-label\" for=\"wpforms-863-field_2\">Correo electr\u00f3nico <span class=\"wpforms-required-label\" aria-hidden=\"true\">*<\/span><\/label><input type=\"email\" id=\"wpforms-863-field_2\" class=\"wpforms-field-medium wpforms-field-required\" name=\"wpforms[fields][2]\" spellcheck=\"false\" aria-errormessage=\"wpforms-863-field_2-error\" required><\/div><div id=\"wpforms-863-field_4-container\" class=\"wpforms-field wpforms-field-text\" data-field-id=\"4\"><label class=\"wpforms-field-label\" for=\"wpforms-863-field_4\">Tel\u00e9fono <span class=\"wpforms-required-label\" aria-hidden=\"true\">*<\/span><\/label><input type=\"text\" id=\"wpforms-863-field_4\" class=\"wpforms-field-medium wpforms-field-required\" name=\"wpforms[fields][4]\" aria-errormessage=\"wpforms-863-field_4-error\" required><\/div><div id=\"wpforms-863-field_6-container\" class=\"wpforms-field wpforms-field-text\" data-field-id=\"6\"><label class=\"wpforms-field-label\" for=\"wpforms-863-field_6\">Nombre de la empresa<\/label><input type=\"text\" id=\"wpforms-863-field_6\" class=\"wpforms-field-medium\" name=\"wpforms[fields][6]\" aria-errormessage=\"wpforms-863-field_6-error\" ><\/div><div id=\"wpforms-863-field_3-container\" class=\"wpforms-field wpforms-field-textarea\" data-field-id=\"3\"><label class=\"wpforms-field-label\" for=\"wpforms-863-field_3\">Comentario o mensaje <span class=\"wpforms-required-label\" aria-hidden=\"true\">*<\/span><\/label><textarea id=\"wpforms-863-field_3\" class=\"wpforms-field-medium wpforms-field-required wpforms-limit-characters-enabled\" data-form-id=\"863\" data-field-id=\"3\" data-text-limit=\"3000\" name=\"wpforms[fields][3]\" aria-errormessage=\"wpforms-863-field_3-error\" maxlength=\"3000\" required><\/textarea><\/div><script>\n\t\t\t\t( function() {\n\t\t\t\t\tconst style = document.createElement( 'style' );\n\t\t\t\t\tstyle.appendChild( document.createTextNode( '#wpforms-863-field_5-container { position: absolute !important; overflow: hidden !important; display: inline !important; height: 1px !important; width: 1px !important; z-index: -1000 !important; padding: 0 !important; } #wpforms-863-field_5-container input { visibility: hidden; } #wpforms-conversational-form-page #wpforms-863-field_5-container label { counter-increment: none; }' ) );\n\t\t\t\t\tdocument.head.appendChild( style );\n\t\t\t\t\tdocument.currentScript?.remove();\n\t\t\t\t} )();\n\t\t\t<\/script><\/div><!-- .wpforms-field-container --><div class=\"wpforms-submit-container\" ><input type=\"hidden\" name=\"wpforms[id]\" value=\"863\"><input type=\"hidden\" name=\"page_title\" value=\"\"><input type=\"hidden\" name=\"page_url\" value=\"https:\/\/www.villegasabogados.com.pe\/en\/wp-json\/wp\/v2\/pages\/308\"><input type=\"hidden\" name=\"url_referer\" value=\"\"><button type=\"submit\" name=\"wpforms[submit]\" id=\"wpforms-submit-863\" class=\"wpforms-submit\" data-alt-text=\"Enviando...\" data-submit-text=\"Enviar\" aria-live=\"assertive\" value=\"wpforms-submit\">Enviar<\/button><img decoding=\"async\" src=\"https:\/\/www.villegasabogados.com.pe\/wp-content\/plugins\/wpforms-lite\/assets\/images\/submit-spin.svg\" class=\"wpforms-submit-spinner\" style=\"display: none;\" width=\"26\" height=\"26\" alt=\"Loading\"><\/div><\/form><\/div>  <!-- .wpforms-container --><\/div>\n\t\t\t\t\t\t<\/div>\n\t\t\t\t\t<\/div>\n\t\t\t\t<\/div>\n\t\t\t\t<\/div>\n\t\t","protected":false},"excerpt":{"rendered":"<p>Derecho Penal Empresarial\u200b Ofrecemos asesor\u00eda experta y estrat\u00e9gica en derecho penal empresarial, orientada a prevenir, gestionar y enfrentar los riesgos legales que puedan comprometer la reputaci\u00f3n, libertad o continuidad operativa de nuestros clientes. Nuestra intervenci\u00f3n se caracteriza por un enfoque t\u00e9cnico riguroso, una comprensi\u00f3n profunda del entorno corporativo y una respuesta \u00e1gil frente a situaciones [&hellip;]<\/p>\n","protected":false},"author":1,"featured_media":0,"parent":0,"menu_order":0,"comment_status":"closed","ping_status":"closed","template":"elementor_header_footer","meta":{"_eb_attr":"","_crdt_document":"","footnotes":""},"class_list":["post-308","page","type-page","status-publish","hentry"],"rttpg_featured_image_url":null,"rttpg_author":{"display_name":"Marketing","author_link":"https:\/\/www.villegasabogados.com.pe\/en\/author\/admin\/"},"rttpg_comment":0,"rttpg_category":null,"rttpg_excerpt":"Derecho Penal Empresarial\u200b Ofrecemos asesor\u00eda experta y estrat\u00e9gica en derecho penal empresarial, orientada a prevenir, gestionar y enfrentar los riesgos legales que puedan comprometer la reputaci\u00f3n, libertad o continuidad operativa de nuestros clientes. Nuestra intervenci\u00f3n se caracteriza por un enfoque t\u00e9cnico riguroso, una comprensi\u00f3n profunda del entorno corporativo y una respuesta \u00e1gil frente a situaciones&hellip;","_links":{"self":[{"href":"https:\/\/www.villegasabogados.com.pe\/en\/wp-json\/wp\/v2\/pages\/308","targetHints":{"allow":["GET"]}}],"collection":[{"href":"https:\/\/www.villegasabogados.com.pe\/en\/wp-json\/wp\/v2\/pages"}],"about":[{"href":"https:\/\/www.villegasabogados.com.pe\/en\/wp-json\/wp\/v2\/types\/page"}],"author":[{"embeddable":true,"href":"https:\/\/www.villegasabogados.com.pe\/en\/wp-json\/wp\/v2\/users\/1"}],"replies":[{"embeddable":true,"href":"https:\/\/www.villegasabogados.com.pe\/en\/wp-json\/wp\/v2\/comments?post=308"}],"version-history":[{"count":88,"href":"https:\/\/www.villegasabogados.com.pe\/en\/wp-json\/wp\/v2\/pages\/308\/revisions"}],"predecessor-version":[{"id":1141,"href":"https:\/\/www.villegasabogados.com.pe\/en\/wp-json\/wp\/v2\/pages\/308\/revisions\/1141"}],"wp:attachment":[{"href":"https:\/\/www.villegasabogados.com.pe\/en\/wp-json\/wp\/v2\/media?parent=308"}],"curies":[{"name":"wp","href":"https:\/\/api.w.org\/{rel}","templated":true}]}}