{"id":661,"date":"2025-08-12T17:42:31","date_gmt":"2025-08-12T17:42:31","guid":{"rendered":"https:\/\/www.villegasabogados.com.pe\/?page_id=661"},"modified":"2025-08-22T18:08:00","modified_gmt":"2025-08-22T18:08:00","slug":"eddy-torres","status":"publish","type":"page","link":"https:\/\/www.villegasabogados.com.pe\/en\/eddy-torres\/","title":{"rendered":"Eddy Torres"},"content":{"rendered":"<div data-elementor-type=\"wp-page\" data-elementor-id=\"661\" class=\"elementor elementor-661\">\n\t\t\t\t<div class=\"has_eae_slider elementor-element elementor-element-2f14345 e-flex e-con-boxed e-con e-parent\" data-eae-slider=\"90948\" data-id=\"2f14345\" data-element_type=\"container\" data-e-type=\"container\">\n\t\t\t\t\t<div class=\"e-con-inner\">\n\t\t<div class=\"has_eae_slider elementor-element elementor-element-fb2dd09 e-con-full e-flex elementor-invisible e-con e-child\" data-eae-slider=\"31163\" data-id=\"fb2dd09\" data-element_type=\"container\" data-e-type=\"container\" data-settings=\"{&quot;animation&quot;:&quot;fadeInDown&quot;}\">\n\t\t\t\t<div class=\"elementor-element elementor-element-e1399fc elementor-widget__width-initial elementor-widget elementor-widget-image\" data-id=\"e1399fc\" data-element_type=\"widget\" data-e-type=\"widget\" data-widget_type=\"image.default\">\n\t\t\t\t\t\t\t\t\t\t\t\t\t\t\t<img fetchpriority=\"high\" decoding=\"async\" width=\"800\" height=\"533\" src=\"https:\/\/www.villegasabogados.com.pe\/wp-content\/uploads\/2025\/07\/et-1024x682.png\" class=\"attachment-large size-large wp-image-500\" alt=\"\" srcset=\"https:\/\/www.villegasabogados.com.pe\/wp-content\/uploads\/2025\/07\/et-1024x682.png 1024w, https:\/\/www.villegasabogados.com.pe\/wp-content\/uploads\/2025\/07\/et-300x200.png 300w, https:\/\/www.villegasabogados.com.pe\/wp-content\/uploads\/2025\/07\/et-768x512.png 768w, https:\/\/www.villegasabogados.com.pe\/wp-content\/uploads\/2025\/07\/et-1536x1023.png 1536w, https:\/\/www.villegasabogados.com.pe\/wp-content\/uploads\/2025\/07\/et.png 1780w\" sizes=\"(max-width: 800px) 100vw, 800px\" \/>\t\t\t\t\t\t\t\t\t\t\t\t\t\t\t<\/div>\n\t\t\t\t<\/div>\n\t\t<div class=\"has_eae_slider elementor-element elementor-element-9be4fc9 e-con-full e-flex elementor-invisible e-con e-child\" data-eae-slider=\"92089\" data-id=\"9be4fc9\" data-element_type=\"container\" data-e-type=\"container\" data-settings=\"{&quot;animation&quot;:&quot;fadeInDown&quot;}\">\n\t\t\t\t<div class=\"elementor-element elementor-element-2284906 elementor-widget elementor-widget-text-editor\" data-id=\"2284906\" data-element_type=\"widget\" data-e-type=\"widget\" data-widget_type=\"text-editor.default\">\n\t\t\t\t\t\t\t\t\t<p>ATTORNEY<\/p>\t\t\t\t\t\t\t\t<\/div>\n\t\t\t\t<div class=\"elementor-element elementor-element-46bc543 elementor-widget elementor-widget-heading\" data-id=\"46bc543\" data-element_type=\"widget\" data-e-type=\"widget\" data-widget_type=\"heading.default\">\n\t\t\t\t\t<h2 class=\"elementor-heading-title elementor-size-default\">Eddy Torres<\/h2>\t\t\t\t<\/div>\n\t\t\t\t<div class=\"elementor-element elementor-element-d58b3b5 elementor-shape-rounded elementor-grid-0 e-grid-align-center elementor-widget elementor-widget-social-icons\" data-id=\"d58b3b5\" data-element_type=\"widget\" data-e-type=\"widget\" data-widget_type=\"social-icons.default\">\n\t\t\t\t\t\t\t<div class=\"elementor-social-icons-wrapper elementor-grid\">\n\t\t\t\t\t\t\t<span class=\"elementor-grid-item\">\n\t\t\t\t\t<a class=\"elementor-icon elementor-social-icon elementor-social-icon-linkedin-in elementor-repeater-item-99e814b\" href=\"https:\/\/www.linkedin.com\/in\/eddy-torres-06852a19a\/\" target=\"_blank\">\n\t\t\t\t\t\t<span class=\"elementor-screen-only\">Linkedin-in<\/span>\n\t\t\t\t\t\t<svg aria-hidden=\"true\" class=\"e-font-icon-svg e-fab-linkedin-in\" viewbox=\"0 0 448 512\" xmlns=\"http:\/\/www.w3.org\/2000\/svg\"><path d=\"M100.28 448H7.4V148.9h92.88zM53.79 108.1C24.09 108.1 0 83.5 0 53.8a53.79 53.79 0 0 1 107.58 0c0 29.7-24.1 54.3-53.79 54.3zM447.9 448h-92.68V302.4c0-34.7-.7-79.2-48.29-79.2-48.29 0-55.69 37.7-55.69 76.7V448h-92.78V148.9h89.08v40.8h1.3c12.4-23.5 42.69-48.3 87.88-48.3 94 0 111.28 61.9 111.28 142.3V448z\"><\/path><\/svg>\t\t\t\t\t<\/a>\n\t\t\t\t<\/span>\n\t\t\t\t\t<\/div>\n\t\t\t\t\t\t<\/div>\n\t\t\t\t<div class=\"elementor-element elementor-element-5300ba7 elementor-widget elementor-widget-text-editor\" data-id=\"5300ba7\" data-element_type=\"widget\" data-e-type=\"widget\" data-widget_type=\"text-editor.default\">\n\t\t\t\t\t\t\t\t\t<p>PROFILE<\/p>\t\t\t\t\t\t\t\t<\/div>\n\t\t\t\t<div class=\"elementor-element elementor-element-1ad9ac0 elementor-widget elementor-widget-text-editor\" data-id=\"1ad9ac0\" data-element_type=\"widget\" data-e-type=\"widget\" data-widget_type=\"text-editor.default\">\n\t\t\t\t\t\t\t\t\t<p><span style=\"color: #1a1a1a; font-family: Open Sans, sans-serif;\"><span style=\"font-size: 17.6px;\">Lawyer graduated from the University of Lima, with a specialization in dispute resolution from the same institution. Has completed studies in crimes against public administration and criminal procedural law. Currently pursuing a master\u2019s degree in criminal sciences at the University of San Mart\u00edn de Porres.<\/span><\/span><\/p>\t\t\t\t\t\t\t\t<\/div>\n\t\t\t\t<div class=\"elementor-element elementor-element-ae74e5b elementor-widget elementor-widget-text-editor\" data-id=\"ae74e5b\" data-element_type=\"widget\" data-e-type=\"widget\" data-widget_type=\"text-editor.default\">\n\t\t\t\t\t\t\t\t\t<p>PRACTICE<\/p>\t\t\t\t\t\t\t\t<\/div>\n\t\t<div class=\"has_eae_slider elementor-element elementor-element-f258f97 e-con-full e-flex e-con e-child\" data-eae-slider=\"29076\" data-id=\"f258f97\" data-element_type=\"container\" data-e-type=\"container\">\n\t\t<div class=\"has_eae_slider elementor-element elementor-element-c354564 e-con-full e-flex e-con e-child\" data-eae-slider=\"99230\" data-id=\"c354564\" data-element_type=\"container\" data-e-type=\"container\">\n\t\t\t\t<div class=\"elementor-element elementor-element-67985ca elementor-align-justify elementor-widget__width-initial elementor-widget elementor-widget-button\" data-id=\"67985ca\" data-element_type=\"widget\" data-e-type=\"widget\" data-widget_type=\"button.default\">\n\t\t\t\t\t\t\t\t\t\t<a class=\"elementor-button elementor-button-link elementor-size-sm elementor-animation-grow\" href=\"https:\/\/www.villegasabogados.com.pe\/en\/derecho-penal-empresarial\/\">\n\t\t\t\t\t\t<span class=\"elementor-button-content-wrapper\">\n\t\t\t\t\t\t\t\t\t<span class=\"elementor-button-text\">Corporate Criminal Law<\/span>\n\t\t\t\t\t<\/span>\n\t\t\t\t\t<\/a>\n\t\t\t\t\t\t\t\t<\/div>\n\t\t\t\t<\/div>\n\t\t<div class=\"has_eae_slider elementor-element elementor-element-475381c e-con-full e-flex e-con e-child\" data-eae-slider=\"71624\" data-id=\"475381c\" data-element_type=\"container\" data-e-type=\"container\">\n\t\t\t\t<div class=\"elementor-element elementor-element-4edf88d elementor-align-justify elementor-widget__width-initial elementor-widget elementor-widget-button\" data-id=\"4edf88d\" data-element_type=\"widget\" data-e-type=\"widget\" data-widget_type=\"button.default\">\n\t\t\t\t\t\t\t\t\t\t<a class=\"elementor-button elementor-button-link elementor-size-sm elementor-animation-grow\" href=\"https:\/\/www.villegasabogados.com.pe\/en\/criminal-compliance\/\">\n\t\t\t\t\t\t<span class=\"elementor-button-content-wrapper\">\n\t\t\t\t\t\t\t\t\t<span class=\"elementor-button-text\">Criminal Compliance<\/span>\n\t\t\t\t\t<\/span>\n\t\t\t\t\t<\/a>\n\t\t\t\t\t\t\t\t<\/div>\n\t\t\t\t<\/div>\n\t\t<div class=\"has_eae_slider elementor-element elementor-element-ff5153e e-con-full e-flex e-con e-child\" data-eae-slider=\"69976\" data-id=\"ff5153e\" data-element_type=\"container\" data-e-type=\"container\">\n\t\t\t\t<div class=\"elementor-element elementor-element-bbae001 elementor-align-justify elementor-widget__width-initial elementor-widget elementor-widget-button\" data-id=\"bbae001\" data-element_type=\"widget\" data-e-type=\"widget\" data-widget_type=\"button.default\">\n\t\t\t\t\t\t\t\t\t\t<a class=\"elementor-button elementor-button-link elementor-size-sm elementor-animation-grow\" href=\"https:\/\/www.villegasabogados.com.pe\/en\/proteccion-de-datos-personales\/\">\n\t\t\t\t\t\t<span class=\"elementor-button-content-wrapper\">\n\t\t\t\t\t\t\t\t\t<span class=\"elementor-button-text\">Personal Data Protection<\/span>\n\t\t\t\t\t<\/span>\n\t\t\t\t\t<\/a>\n\t\t\t\t\t\t\t\t<\/div>\n\t\t\t\t<\/div>\n\t\t\t\t<\/div>\n\t\t\t\t<\/div>\n\t\t\t\t\t<\/div>\n\t\t\t\t<\/div>\n\t\t\t\t<\/div>","protected":false},"excerpt":{"rendered":"<p>ABOGADO Eddy Torres Linkedin-in PERFIL Abogado titulado por la Universidad de Lima, con especializaci\u00f3n en soluci\u00f3n de controversias por la misma casa de estudios. Cuenta con estudios en delitos contra la administraci\u00f3n p\u00fablica y derecho procesal penal. Actualmente cursa la maestr\u00eda en ciencias penales en la Universidad de San Mart\u00edn de Porres. PR\u00c1CTICAS Derecho Penal [&hellip;]<\/p>\n","protected":false},"author":1,"featured_media":0,"parent":0,"menu_order":0,"comment_status":"closed","ping_status":"closed","template":"elementor_header_footer","meta":{"_eb_attr":"","_crdt_document":"","footnotes":""},"class_list":["post-661","page","type-page","status-publish","hentry"],"rttpg_featured_image_url":null,"rttpg_author":{"display_name":"Marketing","author_link":"https:\/\/www.villegasabogados.com.pe\/en\/author\/admin\/"},"rttpg_comment":0,"rttpg_category":null,"rttpg_excerpt":"ABOGADO Eddy Torres Linkedin-in PERFIL Abogado titulado por la Universidad de Lima, con especializaci\u00f3n en soluci\u00f3n de controversias por la misma casa de estudios. Cuenta con estudios en delitos contra la administraci\u00f3n p\u00fablica y derecho procesal penal. Actualmente cursa la maestr\u00eda en ciencias penales en la Universidad de San Mart\u00edn de Porres. PR\u00c1CTICAS Derecho Penal&hellip;","_links":{"self":[{"href":"https:\/\/www.villegasabogados.com.pe\/en\/wp-json\/wp\/v2\/pages\/661","targetHints":{"allow":["GET"]}}],"collection":[{"href":"https:\/\/www.villegasabogados.com.pe\/en\/wp-json\/wp\/v2\/pages"}],"about":[{"href":"https:\/\/www.villegasabogados.com.pe\/en\/wp-json\/wp\/v2\/types\/page"}],"author":[{"embeddable":true,"href":"https:\/\/www.villegasabogados.com.pe\/en\/wp-json\/wp\/v2\/users\/1"}],"replies":[{"embeddable":true,"href":"https:\/\/www.villegasabogados.com.pe\/en\/wp-json\/wp\/v2\/comments?post=661"}],"version-history":[{"count":16,"href":"https:\/\/www.villegasabogados.com.pe\/en\/wp-json\/wp\/v2\/pages\/661\/revisions"}],"predecessor-version":[{"id":1156,"href":"https:\/\/www.villegasabogados.com.pe\/en\/wp-json\/wp\/v2\/pages\/661\/revisions\/1156"}],"wp:attachment":[{"href":"https:\/\/www.villegasabogados.com.pe\/en\/wp-json\/wp\/v2\/media?parent=661"}],"curies":[{"name":"wp","href":"https:\/\/api.w.org\/{rel}","templated":true}]}}